{"id":121,"date":"2022-06-13T15:57:07","date_gmt":"2022-06-13T13:57:07","guid":{"rendered":"https:\/\/broeringtech.com\/wp-tech\/?page_id=121"},"modified":"2023-06-29T12:28:30","modified_gmt":"2023-06-29T10:28:30","slug":"bruchfestigkeit","status":"publish","type":"page","link":"https:\/\/broeringtech.com\/wp-tech\/produkte\/eiqualitaet\/bruchfestigkeit\/","title":{"rendered":"FEST-Ger\u00e4t"},"content":{"rendered":"\n<figure class=\"wp-block-image size-large\"><img loading=\"lazy\" decoding=\"async\" width=\"1024\" height=\"683\" src=\"https:\/\/broeringtech.com\/wp-tech\/wp-content\/uploads\/2023\/06\/FEST_2-1024x683.jpg\" alt=\"\" class=\"wp-image-1001\" srcset=\"https:\/\/broeringtech.com\/wp-tech\/wp-content\/uploads\/2023\/06\/FEST_2-1024x683.jpg 1024w, https:\/\/broeringtech.com\/wp-tech\/wp-content\/uploads\/2023\/06\/FEST_2-300x200.jpg 300w, https:\/\/broeringtech.com\/wp-tech\/wp-content\/uploads\/2023\/06\/FEST_2-768x512.jpg 768w, https:\/\/broeringtech.com\/wp-tech\/wp-content\/uploads\/2023\/06\/FEST_2-1536x1024.jpg 1536w, https:\/\/broeringtech.com\/wp-tech\/wp-content\/uploads\/2023\/06\/FEST_2-2048x1365.jpg 2048w\" sizes=\"auto, (max-width: 706px) 89vw, (max-width: 767px) 82vw, 740px\" \/><\/figure>\n\n\n\n<p>Die Stabilit\u00e4t der Eierschale ist einer der wichtigsten Qualit\u00e4tsparameter eines Eies.<\/p>\n\n\n\n<p>Mit unserem FEST-Ger\u00e4t bieten wir Ihnen eine schnelle und einfache L\u00f6sung f\u00fcr die Bestimmung der Bruchfestigkeit.<\/p>\n\n\n\n<p>Die reine Messzeit betr\u00e4gt 2 Sekunden f\u00fcr ein einzelnes Ei. Hinzu kommt der Zeitaufwand f\u00fcr das Einlegen und Entnehmen des Eies, so dass Sie bequem bis zu 900 Eier pro Stunde testen k\u00f6nnen.<\/p>\n\n\n\n<hr class=\"wp-block-separator has-alpha-channel-opacity is-style-wide\"\/>\n\n\n\n<h4 class=\"wp-block-heading\">Fast-Egg-Shell-Tester (FEST-Ger\u00e4t)<\/h4>\n\n\n\n<figure class=\"wp-block-image size-large\"><img loading=\"lazy\" decoding=\"async\" width=\"1024\" height=\"683\" src=\"https:\/\/broeringtech.com\/wp-tech\/wp-content\/uploads\/2023\/06\/FEST_Koffer-1024x683.jpg\" alt=\"\" class=\"wp-image-1003\" srcset=\"https:\/\/broeringtech.com\/wp-tech\/wp-content\/uploads\/2023\/06\/FEST_Koffer-1024x683.jpg 1024w, https:\/\/broeringtech.com\/wp-tech\/wp-content\/uploads\/2023\/06\/FEST_Koffer-300x200.jpg 300w, https:\/\/broeringtech.com\/wp-tech\/wp-content\/uploads\/2023\/06\/FEST_Koffer-768x512.jpg 768w, https:\/\/broeringtech.com\/wp-tech\/wp-content\/uploads\/2023\/06\/FEST_Koffer-1536x1024.jpg 1536w, https:\/\/broeringtech.com\/wp-tech\/wp-content\/uploads\/2023\/06\/FEST_Koffer-2048x1365.jpg 2048w\" sizes=\"auto, (max-width: 706px) 89vw, (max-width: 767px) 82vw, 740px\" \/><\/figure>\n\n\n\n<p>Egg-Shell-Tester incl. Netzteil, Kabel, Abgleichgewicht 1000g und Transportkoffer.<\/p>\n\n\n\n<p>Das Ger\u00e4t kann so wie es ist sofort eingesetzt werden. F\u00fcr die Verbindung mit einem PC bieten wir Ihnen optimal eine passende Software an. Diese Software basiert auf dem 3.0 und 3a System. Sie k\u00f6nnen das Ger\u00e4t auch in Verbindung mit einem 3.0 oder 3a System verwenden.<\/p>\n\n\n\n<p>Zum Egg-Shell-Tester gibt es eine PC-Software oder Alternativ, dh. ohne die Verwendung der PC-Software k\u00f6nnen Sie die Daten auch auf einem Bondrucker ausgeben. Zu diesem Zweck bieten wir Ihnen einen passenden Drucker incl. Anschlusskabel an.<\/p>\n\n\n\n<p>Den Egg-Shell-Tester gibt es in verschiedene Versionen. Mit Bluetooth, Akku oder beidem.<\/p>\n\n\n\n<p>Weitere Informationen finden Sie im Katalog, den Sie unter Downloads herunterladen k\u00f6nnen.<\/p>\n\n\n\n<hr class=\"wp-block-separator has-alpha-channel-opacity is-style-wide\"\/>\n\n\n\n<h2 class=\"wp-block-heading\">Dokumente<\/h2>\n\n\n\n<div class=\"wp-block-buttons is-content-justification-left is-layout-flex wp-container-core-buttons-is-layout-fdcfc74e wp-block-buttons-is-layout-flex\">\n<div class=\"wp-block-button is-style-fill\"><a class=\"wp-block-button__link has-background wp-element-button\" style=\"background-color:#0052b6\">Bedienungsanleitung EggQuality System 3.0<\/a><\/div>\n<\/div>\n","protected":false},"excerpt":{"rendered":"<p>Die Stabilit\u00e4t der Eierschale ist einer der wichtigsten Qualit\u00e4tsparameter eines Eies. Mit unserem FEST-Ger\u00e4t bieten wir Ihnen eine schnelle und einfache L\u00f6sung f\u00fcr die Bestimmung der Bruchfestigkeit. Die reine Messzeit betr\u00e4gt 2 Sekunden f\u00fcr ein einzelnes Ei. Hinzu kommt der Zeitaufwand f\u00fcr das Einlegen und Entnehmen des Eies, so dass Sie bequem bis zu 900 &hellip; <\/p>\n<p class=\"link-more\"><a href=\"https:\/\/broeringtech.com\/wp-tech\/produkte\/eiqualitaet\/bruchfestigkeit\/\" class=\"more-link\"><span class=\"screen-reader-text\">\u201eFEST-Ger\u00e4t\u201c <\/span>weiterlesen<\/a><\/p>\n","protected":false},"author":1,"featured_media":0,"parent":117,"menu_order":0,"comment_status":"closed","ping_status":"closed","template":"","meta":{"inline_featured_image":false,"footnotes":""},"class_list":["post-121","page","type-page","status-publish","hentry"],"featured_image_src":null,"_links":{"self":[{"href":"https:\/\/broeringtech.com\/wp-tech\/wp-json\/wp\/v2\/pages\/121","targetHints":{"allow":["GET"]}}],"collection":[{"href":"https:\/\/broeringtech.com\/wp-tech\/wp-json\/wp\/v2\/pages"}],"about":[{"href":"https:\/\/broeringtech.com\/wp-tech\/wp-json\/wp\/v2\/types\/page"}],"author":[{"embeddable":true,"href":"https:\/\/broeringtech.com\/wp-tech\/wp-json\/wp\/v2\/users\/1"}],"replies":[{"embeddable":true,"href":"https:\/\/broeringtech.com\/wp-tech\/wp-json\/wp\/v2\/comments?post=121"}],"version-history":[{"count":1,"href":"https:\/\/broeringtech.com\/wp-tech\/wp-json\/wp\/v2\/pages\/121\/revisions"}],"predecessor-version":[{"id":1004,"href":"https:\/\/broeringtech.com\/wp-tech\/wp-json\/wp\/v2\/pages\/121\/revisions\/1004"}],"up":[{"embeddable":true,"href":"https:\/\/broeringtech.com\/wp-tech\/wp-json\/wp\/v2\/pages\/117"}],"wp:attachment":[{"href":"https:\/\/broeringtech.com\/wp-tech\/wp-json\/wp\/v2\/media?parent=121"}],"curies":[{"name":"wp","href":"https:\/\/api.w.org\/{rel}","templated":true}]}}