{"id":128,"date":"2022-06-13T16:03:21","date_gmt":"2022-06-13T14:03:21","guid":{"rendered":"https:\/\/broeringtech.com\/wp-tech\/?page_id=128"},"modified":"2022-06-13T16:03:22","modified_gmt":"2022-06-13T14:03:22","slug":"mikroprozessortechnik","status":"publish","type":"page","link":"https:\/\/broeringtech.com\/wp-tech\/produkte\/mikroprozessortechnik\/","title":{"rendered":"Mikroprozessortechnik"},"content":{"rendered":"\n<p>Wir entwickeln und produzieren kundenspezifische elektronische Schaltungen und Steuerungen. In der Regel basieren diese auf AVR, Cortex-M3 und\/oder ESP8266 (IOT) Prozessoren.<\/p>\n\n\n\n<p>Anwendungsgebiete sind:<\/p>\n\n\n\n<ul class=\"wp-block-list\"><li>Schl\u00fcsseldepots<\/li><li>Alarmanlagen<\/li><li>Bildverarbeitungssysteme<\/li><li>Produktionsdatenerfassung<\/li><li>Maschinen f\u00fcr die Kunststoffvearbeitung<\/li><li>Ein- Ausgabebaugruppen f\u00fcr PCs<\/li><li>Analogdatenerfassung<\/li><\/ul>\n\n\n\n<p>Wir entwickeln ebenfalls Firmware in C zu unseren kundenspezifischen Steuerungen.<br>In vielen F\u00e4llen werden diese Microcontrollersysteme in Verbindung mit PCs eingesetzt. Die Kommunikation zwischen Microcontroller und PC erfolgt dabei \u00fcber RS232, RS485, TTY, Bluetooth, Ethernet, Wifi oder USB.<\/p>\n","protected":false},"excerpt":{"rendered":"<p>Wir entwickeln und produzieren kundenspezifische elektronische Schaltungen und Steuerungen. In der Regel basieren diese auf AVR, Cortex-M3 und\/oder ESP8266 (IOT) Prozessoren. Anwendungsgebiete sind: Schl\u00fcsseldepots Alarmanlagen Bildverarbeitungssysteme Produktionsdatenerfassung Maschinen f\u00fcr die Kunststoffvearbeitung Ein- Ausgabebaugruppen f\u00fcr PCs Analogdatenerfassung Wir entwickeln ebenfalls Firmware in C zu unseren kundenspezifischen Steuerungen.In vielen F\u00e4llen werden diese Microcontrollersysteme in Verbindung mit PCs &hellip; <\/p>\n<p class=\"link-more\"><a href=\"https:\/\/broeringtech.com\/wp-tech\/produkte\/mikroprozessortechnik\/\" class=\"more-link\"><span class=\"screen-reader-text\">\u201eMikroprozessortechnik\u201c <\/span>weiterlesen<\/a><\/p>\n","protected":false},"author":1,"featured_media":0,"parent":101,"menu_order":0,"comment_status":"closed","ping_status":"closed","template":"","meta":{"inline_featured_image":false,"footnotes":""},"class_list":["post-128","page","type-page","status-publish","hentry"],"featured_image_src":null,"_links":{"self":[{"href":"https:\/\/broeringtech.com\/wp-tech\/wp-json\/wp\/v2\/pages\/128","targetHints":{"allow":["GET"]}}],"collection":[{"href":"https:\/\/broeringtech.com\/wp-tech\/wp-json\/wp\/v2\/pages"}],"about":[{"href":"https:\/\/broeringtech.com\/wp-tech\/wp-json\/wp\/v2\/types\/page"}],"author":[{"embeddable":true,"href":"https:\/\/broeringtech.com\/wp-tech\/wp-json\/wp\/v2\/users\/1"}],"replies":[{"embeddable":true,"href":"https:\/\/broeringtech.com\/wp-tech\/wp-json\/wp\/v2\/comments?post=128"}],"version-history":[{"count":0,"href":"https:\/\/broeringtech.com\/wp-tech\/wp-json\/wp\/v2\/pages\/128\/revisions"}],"up":[{"embeddable":true,"href":"https:\/\/broeringtech.com\/wp-tech\/wp-json\/wp\/v2\/pages\/101"}],"wp:attachment":[{"href":"https:\/\/broeringtech.com\/wp-tech\/wp-json\/wp\/v2\/media?parent=128"}],"curies":[{"name":"wp","href":"https:\/\/api.w.org\/{rel}","templated":true}]}}