{"id":132,"date":"2022-06-13T16:06:57","date_gmt":"2022-06-13T14:06:57","guid":{"rendered":"https:\/\/broeringtech.com\/wp-tech\/?page_id=132"},"modified":"2022-07-06T11:29:01","modified_gmt":"2022-07-06T09:29:01","slug":"android-apps","status":"publish","type":"page","link":"https:\/\/broeringtech.com\/wp-tech\/produkte\/android-apps\/","title":{"rendered":"Android Apps"},"content":{"rendered":"\n<h1 class=\"wp-block-heading\">Software f\u00fcr Android &#8211; Systeme (Apps)<\/h1>\n\n\n\n<p>Wir entwickeln Datenerfassungssysteme auf Basis von Android Endger\u00e4ten. Abgebildet sind hier spezielle Android Ger\u00e4te mit integriertem RFID-Leser und Barcodescanner. Zum Einsatz kommen aber auch handels\u00fcbliche Smartphones und Android-Tablets.<\/p>\n\n\n\n<p>Die Endger\u00e4te k\u00f6nnen z.B. mit unserem Bruchfestigkeitsmessger\u00e4t oder mit elektronischen Waagen per Bluetooth verbunden werden.<\/p>\n\n\n\n<p>Die Daten werden zun\u00e4chst lokal auf dem Ger\u00e4t gespeichert und sp\u00e4ter, d.h. bei Verf\u00fcgbarkeit einer Internet-Verbindung, \u00fcber Wlan auf einen Datenbankserver \u00fcbertragen. Die Daten k\u00f6nnen dann zentral verarbeitet und ausgewertet werden.<\/p>\n\n\n\n<p>Diese Systeme sind weltweit mit mehreren hundert Endger\u00e4ten im Einsatz.<\/p>\n\n\n\n<ul class=\"wp-block-list\"><li>Java<\/li><li>PHP<\/li><li>JSON<\/li><li>SQLite<\/li><li>HTML<\/li><\/ul>\n\n\n\n<hr class=\"wp-block-separator has-alpha-channel-opacity is-style-wide\"\/>\n\n\n\n<h2 class=\"has-text-color wp-block-heading\" style=\"color:#0052b6\">Unsere Apps<\/h2>\n\n\n\n<p>Mit einem Klick auf den Knopf kommen Sie auf den Playstore, in welchem Sie unsere Apps sehen und runterladen k\u00f6nnen.<\/p>\n\n\n\n<div class=\"wp-block-buttons is-layout-flex wp-block-buttons-is-layout-flex\">\n<div class=\"wp-block-button has-custom-width wp-block-button__width-50 has-custom-font-size is-style-fill has-small-font-size\"><a class=\"wp-block-button__link has-white-color has-text-color has-background\" href=\"https:\/\/play.google.com\/store\/apps\/dev?id=5562131065191234091&amp;hl=de\" style=\"border-radius:100px;background-color:#0052b6\" target=\"_blank\" rel=\"noreferrer noopener\">Zum Playstore<\/a><\/div>\n<\/div>\n","protected":false},"excerpt":{"rendered":"<p>Software f\u00fcr Android &#8211; Systeme (Apps) Wir entwickeln Datenerfassungssysteme auf Basis von Android Endger\u00e4ten. Abgebildet sind hier spezielle Android Ger\u00e4te mit integriertem RFID-Leser und Barcodescanner. Zum Einsatz kommen aber auch handels\u00fcbliche Smartphones und Android-Tablets. Die Endger\u00e4te k\u00f6nnen z.B. mit unserem Bruchfestigkeitsmessger\u00e4t oder mit elektronischen Waagen per Bluetooth verbunden werden. Die Daten werden zun\u00e4chst lokal auf &hellip; <\/p>\n<p class=\"link-more\"><a href=\"https:\/\/broeringtech.com\/wp-tech\/produkte\/android-apps\/\" class=\"more-link\"><span class=\"screen-reader-text\">\u201eAndroid Apps\u201c <\/span>weiterlesen<\/a><\/p>\n","protected":false},"author":1,"featured_media":0,"parent":101,"menu_order":0,"comment_status":"closed","ping_status":"closed","template":"","meta":{"inline_featured_image":false,"footnotes":""},"class_list":["post-132","page","type-page","status-publish","hentry"],"featured_image_src":null,"_links":{"self":[{"href":"https:\/\/broeringtech.com\/wp-tech\/wp-json\/wp\/v2\/pages\/132","targetHints":{"allow":["GET"]}}],"collection":[{"href":"https:\/\/broeringtech.com\/wp-tech\/wp-json\/wp\/v2\/pages"}],"about":[{"href":"https:\/\/broeringtech.com\/wp-tech\/wp-json\/wp\/v2\/types\/page"}],"author":[{"embeddable":true,"href":"https:\/\/broeringtech.com\/wp-tech\/wp-json\/wp\/v2\/users\/1"}],"replies":[{"embeddable":true,"href":"https:\/\/broeringtech.com\/wp-tech\/wp-json\/wp\/v2\/comments?post=132"}],"version-history":[{"count":0,"href":"https:\/\/broeringtech.com\/wp-tech\/wp-json\/wp\/v2\/pages\/132\/revisions"}],"up":[{"embeddable":true,"href":"https:\/\/broeringtech.com\/wp-tech\/wp-json\/wp\/v2\/pages\/101"}],"wp:attachment":[{"href":"https:\/\/broeringtech.com\/wp-tech\/wp-json\/wp\/v2\/media?parent=132"}],"curies":[{"name":"wp","href":"https:\/\/api.w.org\/{rel}","templated":true}]}}