{"id":138,"date":"2022-06-13T16:17:39","date_gmt":"2022-06-13T14:17:39","guid":{"rendered":"https:\/\/broeringtech.com\/wp-tech\/?page_id=138"},"modified":"2022-06-13T16:17:40","modified_gmt":"2022-06-13T14:17:40","slug":"kern-sohn","status":"publish","type":"page","link":"https:\/\/broeringtech.com\/wp-tech\/produkte\/waegetechnik\/kern-sohn\/","title":{"rendered":"Kern &#038; Sohn"},"content":{"rendered":"\n<p>Wir sind Vertriebs und Servicepartner f\u00fcr Kern Produkte Labor- und Messtechnik.<\/p>\n\n\n\n<p>Wir werden als Fachh\u00e4ndler beim Hersteller KERN gef\u00fchrt. Unsere gro\u00dfe Lieferpalette von Industrie- und Laborwaagen mit Zubeh\u00f6r \/ Software, Sonderger\u00e4ten sowie Pr\u00fcfservice sind abgesichert durch effektiven Kundendienst und rascher Lieferung. Das Preis-\/Leistungsverh\u00e4ltnis wird hohen Anspr\u00fcchen gerecht.<\/p>\n\n\n\n<p>Momentan ist eine Auswahl von \u00fcber 700 Artikeln rund um die W\u00e4getechnik von uns lieferbar. Wir beraten Sie gern \u00fcber heutige, moderne W\u00e4getechnik und bieten Ihnen bei Bedarf technische Unterst\u00fctzung an.<\/p>\n\n\n<div class=\"wp-block-image\">\n<figure class=\"aligncenter size-full\"><img loading=\"lazy\" decoding=\"async\" width=\"768\" height=\"690\" src=\"https:\/\/broeringtech.com\/wp-tech\/wp-content\/uploads\/2022\/06\/Kern-Waageimg-440-A-130x130-768x690-1.jpg\" alt=\"\" class=\"wp-image-139\" srcset=\"https:\/\/broeringtech.com\/wp-tech\/wp-content\/uploads\/2022\/06\/Kern-Waageimg-440-A-130x130-768x690-1.jpg 768w, https:\/\/broeringtech.com\/wp-tech\/wp-content\/uploads\/2022\/06\/Kern-Waageimg-440-A-130x130-768x690-1-300x270.jpg 300w\" sizes=\"auto, (max-width: 706px) 89vw, (max-width: 767px) 82vw, 740px\" \/><\/figure>\n<\/div>\n\n<div class=\"wp-block-image\">\n<figure class=\"aligncenter size-full\"><img loading=\"lazy\" decoding=\"async\" width=\"282\" height=\"300\" src=\"https:\/\/broeringtech.com\/wp-tech\/wp-content\/uploads\/2022\/06\/Kern-Fachhaendler-BIT-282x300-1.jpg\" alt=\"\" class=\"wp-image-140\"\/><\/figure>\n<\/div>","protected":false},"excerpt":{"rendered":"<p>Wir sind Vertriebs und Servicepartner f\u00fcr Kern Produkte Labor- und Messtechnik. Wir werden als Fachh\u00e4ndler beim Hersteller KERN gef\u00fchrt. Unsere gro\u00dfe Lieferpalette von Industrie- und Laborwaagen mit Zubeh\u00f6r \/ Software, Sonderger\u00e4ten sowie Pr\u00fcfservice sind abgesichert durch effektiven Kundendienst und rascher Lieferung. Das Preis-\/Leistungsverh\u00e4ltnis wird hohen Anspr\u00fcchen gerecht. Momentan ist eine Auswahl von \u00fcber 700 Artikeln &hellip; <\/p>\n<p class=\"link-more\"><a href=\"https:\/\/broeringtech.com\/wp-tech\/produkte\/waegetechnik\/kern-sohn\/\" class=\"more-link\"><span class=\"screen-reader-text\">\u201eKern &#038; Sohn\u201c <\/span>weiterlesen<\/a><\/p>\n","protected":false},"author":1,"featured_media":0,"parent":134,"menu_order":0,"comment_status":"closed","ping_status":"closed","template":"","meta":{"inline_featured_image":false,"footnotes":""},"class_list":["post-138","page","type-page","status-publish","hentry"],"featured_image_src":null,"_links":{"self":[{"href":"https:\/\/broeringtech.com\/wp-tech\/wp-json\/wp\/v2\/pages\/138","targetHints":{"allow":["GET"]}}],"collection":[{"href":"https:\/\/broeringtech.com\/wp-tech\/wp-json\/wp\/v2\/pages"}],"about":[{"href":"https:\/\/broeringtech.com\/wp-tech\/wp-json\/wp\/v2\/types\/page"}],"author":[{"embeddable":true,"href":"https:\/\/broeringtech.com\/wp-tech\/wp-json\/wp\/v2\/users\/1"}],"replies":[{"embeddable":true,"href":"https:\/\/broeringtech.com\/wp-tech\/wp-json\/wp\/v2\/comments?post=138"}],"version-history":[{"count":0,"href":"https:\/\/broeringtech.com\/wp-tech\/wp-json\/wp\/v2\/pages\/138\/revisions"}],"up":[{"embeddable":true,"href":"https:\/\/broeringtech.com\/wp-tech\/wp-json\/wp\/v2\/pages\/134"}],"wp:attachment":[{"href":"https:\/\/broeringtech.com\/wp-tech\/wp-json\/wp\/v2\/media?parent=138"}],"curies":[{"name":"wp","href":"https:\/\/api.w.org\/{rel}","templated":true}]}}