{"id":142,"date":"2022-06-13T16:21:46","date_gmt":"2022-06-13T14:21:46","guid":{"rendered":"https:\/\/broeringtech.com\/wp-tech\/?page_id=142"},"modified":"2022-06-13T17:06:18","modified_gmt":"2022-06-13T15:06:18","slug":"veit-electronics-gefluegelwaagen","status":"publish","type":"page","link":"https:\/\/broeringtech.com\/wp-tech\/produkte\/waegetechnik\/veit-electronics-gefluegelwaagen\/","title":{"rendered":"Veit Electronics Gefl\u00fcgelwaagen"},"content":{"rendered":"\n<h2 class=\"wp-block-heading\">Veit BAT1 Gefl\u00fcgelwaage<\/h2>\n\n\n\n<div class=\"wp-block-media-text alignwide is-stacked-on-mobile\" style=\"grid-template-columns:20% auto\"><figure class=\"wp-block-media-text__media\"><img loading=\"lazy\" decoding=\"async\" width=\"257\" height=\"499\" src=\"https:\/\/broeringtech.com\/wp-tech\/wp-content\/uploads\/2022\/06\/bat1_edit.jpg\" alt=\"\" class=\"wp-image-143 size-full\" srcset=\"https:\/\/broeringtech.com\/wp-tech\/wp-content\/uploads\/2022\/06\/bat1_edit.jpg 257w, https:\/\/broeringtech.com\/wp-tech\/wp-content\/uploads\/2022\/06\/bat1_edit-155x300.jpg 155w\" sizes=\"auto, (max-width: 257px) 100vw, 257px\" \/><\/figure><div class=\"wp-block-media-text__content\">\n<p class=\"has-medium-font-size\">Weltweit verwendet, ist die\u00a0<strong>BAT1 heute der klare Top-Akteur beim manuellen Wiegen<\/strong>. Um die Produktion zu optimieren und den Profit zu maximieren, verl\u00e4sst sich eine gro\u00dfe Anzahl von Produktionsfachleuten und Managern auf Daten, die von BAT1 Waagen generiert werden.<\/p>\n<\/div><\/div>\n\n\n\n<div class=\"wp-block-media-text alignwide has-media-on-the-right is-stacked-on-mobile is-vertically-aligned-top\" style=\"grid-template-columns:auto 35%\"><figure class=\"wp-block-media-text__media\"><img loading=\"lazy\" decoding=\"async\" width=\"486\" height=\"576\" src=\"https:\/\/broeringtech.com\/wp-tech\/wp-content\/uploads\/2022\/06\/BAT1-Haken_edit.jpg\" alt=\"\" class=\"wp-image-144 size-full\" srcset=\"https:\/\/broeringtech.com\/wp-tech\/wp-content\/uploads\/2022\/06\/BAT1-Haken_edit.jpg 486w, https:\/\/broeringtech.com\/wp-tech\/wp-content\/uploads\/2022\/06\/BAT1-Haken_edit-253x300.jpg 253w\" sizes=\"auto, (max-width: 486px) 100vw, 486px\" \/><\/figure><div class=\"wp-block-media-text__content\">\n<p class=\"has-medium-font-size\">Die Manuelle Gefl\u00fcgelwaage BAT1 bietet Ihnen alle erdenklichen Extras beim manuellen Wiegen von Gefl\u00fcgel. Die tragbare, batteriebetriebene Waage f\u00fcr schnelles Wiegen von Lebendv\u00f6geln liefert Ihnen umgehend jegliche Arten von Daten \u00fcber den Bestand. Gro\u00dfer Grafikbildschirm, hohe Speicherkapazit\u00e4t und lange Batterielebensdauer sind nur einige der Eigenschaften, die die Waage so beliebt und benutzerfreundlich machen. Durch eine gro\u00dfe Auswahl an verf\u00fcgbaren Hakensystemen ist unsere Waage f\u00fcr alle Gefl\u00fcgelarten geeignet. Die leistungsstarke PC\u2013Software erspart Ihnen Zeit und Kopfzerbrechen, w\u00e4hrend die Ergebnisse durch einen Computer ermittelt werden. Mit erweiterten Funktionen wie der automatischen Erstellung von Histogrammen und Wachstumskurven ist die Verwaltung von Daten all Ihrer Betriebe so leicht wie nie zuvor.<\/p>\n<\/div><\/div>\n\n\n\n<hr class=\"wp-block-separator has-alpha-channel-opacity is-style-wide\"\/>\n\n\n\n<h2 class=\"wp-block-heading\">Anwenderfreundliches Wiegen<\/h2>\n\n\n\n<div class=\"wp-block-columns is-layout-flex wp-container-core-columns-is-layout-9d6595d7 wp-block-columns-is-layout-flex\">\n<div class=\"wp-block-column is-layout-flow wp-block-column-is-layout-flow\">\n<h3 class=\"wp-block-heading\">Eine Waage f\u00fcr alle V\u00f6gel<\/h3>\n\n\n\n<p>Die BAT1 kann f\u00fcr <strong>alle Gefl\u00fcgelsorten<\/strong> verwendet werden, von Eintagsk\u00fcken bis zu schweren Truth\u00e4hnen \u2013 immer mit 1 Gramm Aufl\u00f6sung.<\/p>\n<\/div>\n\n\n\n<div class=\"wp-block-column is-layout-flow wp-block-column-is-layout-flow\">\n<h3 class=\"wp-block-heading\">Handliches Design<\/h3>\n\n\n\n<p>Die smart entworfene, leichte Waage <strong>BAT1 bietet intuitive Bedienung, einfache Handhabung, bequemes und schnelles Arbeiten.<\/strong><\/p>\n<\/div>\n<\/div>\n\n\n\n<hr class=\"wp-block-separator has-alpha-channel-opacity is-style-wide\"\/>\n\n\n\n<div class=\"wp-block-columns is-layout-flex wp-container-core-columns-is-layout-9d6595d7 wp-block-columns-is-layout-flex\">\n<div class=\"wp-block-column is-layout-flow wp-block-column-is-layout-flow\">\n<h3 class=\"wp-block-heading\">Gro\u00dfes grafisches Display<\/h3>\n\n\n\n<p>Das beleuchtete hochaufl\u00f6sende Display kann mehr detailierte Informationen als \u00fcbliche Waagen anzeigen und ist gut lesbar. Sie k\u00f6nnen aus einer Auswahl verschiedener Informationsanzeigemodi w\u00e4hlen.<\/p>\n<\/div>\n\n\n\n<div class=\"wp-block-column is-layout-flow wp-block-column-is-layout-flow\">\n<h3 class=\"wp-block-heading\">Interner Lautsprecher<\/h3>\n\n\n\n<p>Die Waage enth\u00e4lt einen internen Lautsprecher, welcher jedes Mal piept, wenn ein neuer Vogel im Speicher abgelegt wird. Es ist ein klases SIgnal, um den n\u00e4chsten Vogel an den Haken zu h\u00e4ngen und die Arbeit so schnell und fl\u00fcssig zu machen.<\/p>\n<\/div>\n<\/div>\n\n\n\n<hr class=\"wp-block-separator has-alpha-channel-opacity is-style-wide\"\/>\n\n\n\n<div class=\"wp-block-columns is-layout-flex wp-container-core-columns-is-layout-9d6595d7 wp-block-columns-is-layout-flex\">\n<div class=\"wp-block-column is-layout-flow wp-block-column-is-layout-flow\">\n<h3 class=\"wp-block-heading\">Interne Uhr<\/h3>\n\n\n\n<p>Jeder Eintrag eines neuen Vogels im Speicher beinhaltet genaues Datum und Zeit des Wiegens.<\/p>\n<\/div>\n\n\n\n<div class=\"wp-block-column is-layout-flow wp-block-column-is-layout-flow\">\n<h3 class=\"wp-block-heading\">Gro\u00dfes Umfang an Sprachen<\/h3>\n\n\n\n<p>Firmware, PC Software und Bedienungsanleitung &#8211;<strong> alle in 14 Sprachen \u00fcbersetzt<\/strong>. Suchen Sie die aus, die Sie bevorzugen.<\/p>\n<\/div>\n<\/div>\n\n\n\n<hr class=\"wp-block-separator has-alpha-channel-opacity is-style-wide\"\/>\n\n\n\n<div class=\"wp-block-columns is-layout-flex wp-container-core-columns-is-layout-9d6595d7 wp-block-columns-is-layout-flex\">\n<div class=\"wp-block-column is-layout-flow wp-block-column-is-layout-flow\">\n<h3 class=\"wp-block-heading\">Leistungsstarke Batterie<\/h3>\n\n\n\n<p>Ein moderenr Li-Ion Akku mit einer Batteriebetriebsdauer von bis zu 27 Stunden macht die BAT1 zu einem mobilen Ger\u00e4t. Sie k\u00f6nnen die Waage am Netz laden, \u00fcber den USB-Anschluss eines PC oder im Auto.<\/p>\n<\/div>\n\n\n\n<div class=\"wp-block-column is-layout-flow wp-block-column-is-layout-flow\">\n<h3 class=\"wp-block-heading\">Modell f\u00fcr extrem schwere V\u00f6gel<\/h3>\n\n\n\n<p>Die standard BAT1 ist f\u00fcr V\u00f6gel mit einem Maximalgewicht von 30 kg gemacht, was \u00fcblicherweise mehr als genug ist. F\u00fcr anspruchsvolle Kunden, die mit schwererem Gefl\u00fcgel arbeiten, haben wir eine spezielle Variante dfer BAT1 f\u00fcr bis zu 50 kg.<\/p>\n<\/div>\n<\/div>\n\n\n\n<hr class=\"wp-block-separator has-alpha-channel-opacity is-style-wide\"\/>\n\n\n\n<h2 class=\"wp-block-heading\">Smarte Funktionen<\/h2>\n\n\n\n<div class=\"wp-block-columns is-layout-flex wp-container-core-columns-is-layout-9d6595d7 wp-block-columns-is-layout-flex\">\n<div class=\"wp-block-column is-layout-flow wp-block-column-is-layout-flow\">\n<h3 class=\"wp-block-heading\">Geschlechtsorientierung<\/h3>\n\n\n\n<p>Wenn sowohl H\u00e4hne als auch H\u00fchner gewogen werden, <strong>ent\u00e4hlt die Aufzeichnung jedes gewogenen Vogels eine Information \u00fcber das Geschlecht<\/strong>. Die Statistiken werden f\u00fcr jedes Geschlecht Separat und f\u00fcr alle V\u00f6gel zusammen berechnet.<\/p>\n<\/div>\n\n\n\n<div class=\"wp-block-column is-layout-flow wp-block-column-is-layout-flow\">\n<h3 class=\"wp-block-heading\">Gewichtsortierung<\/h3>\n\n\n\n<p>Die V\u00f6gel k\u00f6nnen auch anhand des <strong>Gewichts in 2 bis 3 Gruppen<\/strong> sortiert werden. Die Statistiken werden wieder f\u00fcr jedes Geschlecht separat und f\u00fcr alle V\u00f6gel zusammen berechnet.<\/p>\n<\/div>\n<\/div>\n\n\n\n<hr class=\"wp-block-separator has-alpha-channel-opacity is-style-wide\"\/>\n\n\n\n<h2 class=\"wp-block-heading\">Automatische Datenverarbeitung<\/h2>\n\n\n\n<div class=\"wp-block-columns is-layout-flex wp-container-core-columns-is-layout-9d6595d7 wp-block-columns-is-layout-flex\">\n<div class=\"wp-block-column is-layout-flow wp-block-column-is-layout-flow\">\n<h3 class=\"wp-block-heading\">Augenblicklicher Zugang zu den Ergebnissen<\/h3>\n\n\n\n<p>Sie k\u00f6nnen die statistischen Daten jederzeit auf dem Display einsehen. Dier Ergebnisse werden w\u00e4hrend des Wiegens durchgehend aktualisiert, damit sie immer up to date sind.<\/p>\n<\/div>\n\n\n\n<div class=\"wp-block-column is-layout-flow wp-block-column-is-layout-flow\">\n<h3 class=\"wp-block-heading\">Einfacher Export und Import<\/h3>\n\n\n\n<p>Dank der Software k\u00f6nnen die Daten unter verschiedenen Farmen einfach gemeinsam genutzt werden. Sie k\u00f6nnen bequem die Daten von allen Ihren Farmen zentral sammeln.<\/p>\n<\/div>\n<\/div>\n\n\n\n<hr class=\"wp-block-separator has-alpha-channel-opacity is-style-wide\"\/>\n\n\n\n<div class=\"wp-block-columns is-layout-flex wp-container-core-columns-is-layout-9d6595d7 wp-block-columns-is-layout-flex\">\n<div class=\"wp-block-column is-layout-flow wp-block-column-is-layout-flow\">\n<h3 class=\"wp-block-heading\">Durchdachte PC Software<\/h3>\n\n\n\n<p>Vergessen SIe, irgendetwas eingenst\u00e4ndig zu berechnen und die Daten manuell in Excel Tabellen zu \u00fcbertragen. Die leistungsstarke BAT1 Software zeigt automatisch Statistiken, Histogramme und Wachstumskurven aller Ihrer Herden an. Egal wie viele Farmen Sie haben und wie viele Waagen Sie verwenden, die BAT1 Software wird alle Daten in Ergebnisse und Diagrammen vereinanden, die f\u00fcr jeden verst\u00e4ndlich sind.<\/p>\n<\/div>\n\n\n\n<div class=\"wp-block-column is-layout-flow wp-block-column-is-layout-flow\">\n<h3 class=\"wp-block-heading\">Herdenmanagement<\/h3>\n\n\n\n<p>Mit der BAT1 Software k\u00f6nnen Sie Ihre Herden sehr effektiv managen. Sie k\u00f6nnen Individuelle Herden auf Ihrer Farm vergleichen, den Ertrag der einzelnen Farmen Ihres Unternehmens vergleichen, den Etrag Ihrer Herden mit Standard Wachstumskurven vergleichen und vieles mehr.<\/p>\n<\/div>\n<\/div>\n\n\n\n<hr class=\"wp-block-separator has-alpha-channel-opacity is-style-wide\"\/>\n\n\n\n<h2 class=\"wp-block-heading\">Zubeh\u00f6r<\/h2>\n\n\n\n<div class=\"wp-block-columns is-layout-flex wp-container-core-columns-is-layout-9d6595d7 wp-block-columns-is-layout-flex\">\n<div class=\"wp-block-column is-layout-flow wp-block-column-is-layout-flow\">\n<h3 class=\"wp-block-heading\">Gro\u00dfe Auswahl an Haken<\/h3>\n\n\n\n<p>Jede Waage enth\u00e4lt einen Basishaken zum Halten der V\u00f6gel. Als Option k\u00f6nnen weitere Haakentypen gekauft werden, um das Wiegen zu beschleunigen.<\/p>\n<\/div>\n\n\n\n<div class=\"wp-block-column is-layout-flow wp-block-column-is-layout-flow\">\n<h3 class=\"wp-block-heading\">Tragbarer Drucker<\/h3>\n\n\n\n<p>Ein tragbarer, batteriebetriebener Drucker kann direkt nach dem Wiegen einen W\u00e4gebericht ausdrucken.<\/p>\n<\/div>\n<\/div>\n\n\n\n<hr class=\"wp-block-separator has-alpha-channel-opacity is-style-wide\"\/>\n\n\n\n<div class=\"wp-block-columns is-layout-flex wp-container-core-columns-is-layout-9d6595d7 wp-block-columns-is-layout-flex\">\n<div class=\"wp-block-column is-layout-flow wp-block-column-is-layout-flow\">\n<h3 class=\"wp-block-heading\">Tragekoffer<\/h3>\n\n\n\n<p>Mit dem harten Tragekoffer ist Ihre Waage beim Transport gesch\u00fctzt.<\/p>\n<\/div>\n\n\n\n<div class=\"wp-block-column is-layout-flow wp-block-column-is-layout-flow\">\n<h3 class=\"wp-block-heading\">Autoladeger\u00e4t<\/h3>\n\n\n\n<p>Reisen Sie viel mit der Waage? Mit einem Autoladeger\u00e4t k\u00f6nnen Sie die Waage in Ihrem Auto laden.<\/p>\n<\/div>\n<\/div>\n\n\n\n<hr class=\"wp-block-separator has-alpha-channel-opacity is-style-wide\"\/>\n\n\n\n<div class=\"wp-block-columns is-layout-flex wp-container-core-columns-is-layout-9d6595d7 wp-block-columns-is-layout-flex\">\n<div class=\"wp-block-column is-layout-flow wp-block-column-is-layout-flow\">\n<h3 class=\"wp-block-heading\">Externes Batterieset<\/h3>\n\n\n\n<p>Verl\u00e4ngern Sie die Betriebsdauer (Um bis zu 5-mal) zwischen dem Laden, oder haben Sie immer ein passendes Backup-Batterieset zur Hand.<\/p>\n<\/div>\n\n\n\n<div class=\"wp-block-column is-layout-flow wp-block-column-is-layout-flow\">\n<h3 class=\"wp-block-heading\">Zus\u00e4tzliche Sortierleuchten<\/h3>\n\n\n\n<p>Die farbcodierten LED Lichter neben dem Display zeigen Ihnen klar an, in welche Gewichtsgruppe der derzeitige Vogel f\u00e4llt, selbst wenn das akustige Signal allein keine klare Anzeige liefern w\u00fcrde.<\/p>\n<\/div>\n<\/div>\n\n\n\n<hr class=\"wp-block-separator has-alpha-channel-opacity is-style-wide\"\/>\n\n\n\n<h2 class=\"wp-block-heading\">Spezifikationen<\/h2>\n\n\n\n<div class=\"wp-block-columns is-layout-flex wp-container-core-columns-is-layout-9d6595d7 wp-block-columns-is-layout-flex\">\n<div class=\"wp-block-column is-layout-flow wp-block-column-is-layout-flow\" style=\"flex-basis:33.33%\"><\/div>\n\n\n\n<div class=\"wp-block-column is-layout-flow wp-block-column-is-layout-flow\" style=\"flex-basis:66.66%\">\n<h3 class=\"wp-block-heading\"><strong>Manuelle Gefl\u00fcgelwaage BAT1<\/strong><\/h3>\n<\/div>\n<\/div>\n\n\n\n<hr class=\"wp-block-separator has-alpha-channel-opacity is-style-wide\"\/>\n\n\n\n<div class=\"wp-block-columns is-layout-flex wp-container-core-columns-is-layout-9d6595d7 wp-block-columns-is-layout-flex\">\n<div class=\"wp-block-column is-layout-flow wp-block-column-is-layout-flow\" style=\"flex-basis:33.33%\">\n<p>Maximalgewicht<\/p>\n<\/div>\n\n\n\n<div class=\"wp-block-column is-layout-flow wp-block-column-is-layout-flow\" style=\"flex-basis:66.66%\">\n<p>30 oder 50kg (60 oder 100 lb)<\/p>\n\n\n\n<p>(gem\u00e4\u00df ausgew\u00e4hlten Modell (BAT1 30kg oder BAT1 50kg)<\/p>\n\n\n\n<p>30 oder 50 kg (60 oder 100 lb)<br>(gem\u00e4\u00df ausgew\u00e4hlten Modell (BAT1 30kg oder BAT1 50kg)<\/p>\n<\/div>\n<\/div>\n\n\n\n<hr class=\"wp-block-separator has-alpha-channel-opacity is-style-wide\"\/>\n\n\n\n<div class=\"wp-block-columns is-layout-flex wp-container-core-columns-is-layout-9d6595d7 wp-block-columns-is-layout-flex\">\n<div class=\"wp-block-column is-layout-flow wp-block-column-is-layout-flow\" style=\"flex-basis:33.33%\">\n<p>Aufl\u00f6sung<\/p>\n<\/div>\n\n\n\n<div class=\"wp-block-column is-layout-flow wp-block-column-is-layout-flow\" style=\"flex-basis:66.66%\">\n<p>1 g (0.001 lb)<\/p>\n<\/div>\n<\/div>\n\n\n\n<hr class=\"wp-block-separator has-alpha-channel-opacity is-style-wide\"\/>\n\n\n\n<div class=\"wp-block-columns is-layout-flex wp-container-core-columns-is-layout-9d6595d7 wp-block-columns-is-layout-flex\">\n<div class=\"wp-block-column is-layout-flow wp-block-column-is-layout-flow\" style=\"flex-basis:33.33%\">\n<p>Speicherkapazit\u00e4t<\/p>\n<\/div>\n\n\n\n<div class=\"wp-block-column is-layout-flow wp-block-column-is-layout-flow\" style=\"flex-basis:66.66%\">\n<p>11 700 V\u00f6gel in 199 Gruppen<\/p>\n<\/div>\n<\/div>\n\n\n\n<hr class=\"wp-block-separator has-alpha-channel-opacity is-style-wide\"\/>\n\n\n\n<div class=\"wp-block-columns is-layout-flex wp-container-core-columns-is-layout-9d6595d7 wp-block-columns-is-layout-flex\">\n<div class=\"wp-block-column is-layout-flow wp-block-column-is-layout-flow\" style=\"flex-basis:33.33%\">\n<p>Batteriestandzeit<\/p>\n<\/div>\n\n\n\n<div class=\"wp-block-column is-layout-flow wp-block-column-is-layout-flow\" style=\"flex-basis:66.66%\">\n<p>bis zu 27 Stunden<\/p>\n<\/div>\n<\/div>\n\n\n\n<hr class=\"wp-block-separator has-alpha-channel-opacity is-style-wide\"\/>\n\n\n\n<div class=\"wp-block-columns is-layout-flex wp-container-core-columns-is-layout-9d6595d7 wp-block-columns-is-layout-flex\">\n<div class=\"wp-block-column is-layout-flow wp-block-column-is-layout-flow\" style=\"flex-basis:33.33%\">\n<p>PC Anschluss<\/p>\n<\/div>\n\n\n\n<div class=\"wp-block-column is-layout-flow wp-block-column-is-layout-flow\" style=\"flex-basis:66.66%\">\n<p>USB<\/p>\n<\/div>\n<\/div>\n\n\n\n<hr class=\"wp-block-separator has-alpha-channel-opacity is-style-wide\"\/>\n\n\n\n<div class=\"wp-block-columns is-layout-flex wp-container-core-columns-is-layout-9d6595d7 wp-block-columns-is-layout-flex\">\n<div class=\"wp-block-column is-layout-flow wp-block-column-is-layout-flow\" style=\"flex-basis:33.33%\">\n<p>Druckeranschluss<\/p>\n<\/div>\n\n\n\n<div class=\"wp-block-column is-layout-flow wp-block-column-is-layout-flow\" style=\"flex-basis:66.66%\">\n<p>RS-232 serieller Anschluss<\/p>\n<\/div>\n<\/div>\n\n\n\n<hr class=\"wp-block-separator has-alpha-channel-opacity is-style-wide\"\/>\n\n\n\n<div class=\"wp-block-columns is-layout-flex wp-container-core-columns-is-layout-9d6595d7 wp-block-columns-is-layout-flex\">\n<div class=\"wp-block-column is-layout-flow wp-block-column-is-layout-flow\" style=\"flex-basis:33.33%\">\n<p>Software<\/p>\n<\/div>\n\n\n\n<div class=\"wp-block-column is-layout-flow wp-block-column-is-layout-flow\" style=\"flex-basis:66.66%\">\n<p>Windows XP\/Vista\/7\/8\/10 kompatibel mit \u00e4lteren BAT1 Waagen<\/p>\n<\/div>\n<\/div>\n","protected":false},"excerpt":{"rendered":"<p>Veit BAT1 Gefl\u00fcgelwaage Weltweit verwendet, ist die\u00a0BAT1 heute der klare Top-Akteur beim manuellen Wiegen. Um die Produktion zu optimieren und den Profit zu maximieren, verl\u00e4sst sich eine gro\u00dfe Anzahl von Produktionsfachleuten und Managern auf Daten, die von BAT1 Waagen generiert werden. Die Manuelle Gefl\u00fcgelwaage BAT1 bietet Ihnen alle erdenklichen Extras beim manuellen Wiegen von Gefl\u00fcgel. &hellip; <\/p>\n<p class=\"link-more\"><a href=\"https:\/\/broeringtech.com\/wp-tech\/produkte\/waegetechnik\/veit-electronics-gefluegelwaagen\/\" class=\"more-link\"><span class=\"screen-reader-text\">\u201eVeit Electronics Gefl\u00fcgelwaagen\u201c <\/span>weiterlesen<\/a><\/p>\n","protected":false},"author":1,"featured_media":0,"parent":134,"menu_order":0,"comment_status":"closed","ping_status":"closed","template":"","meta":{"inline_featured_image":false,"footnotes":""},"class_list":["post-142","page","type-page","status-publish","hentry"],"featured_image_src":null,"_links":{"self":[{"href":"https:\/\/broeringtech.com\/wp-tech\/wp-json\/wp\/v2\/pages\/142","targetHints":{"allow":["GET"]}}],"collection":[{"href":"https:\/\/broeringtech.com\/wp-tech\/wp-json\/wp\/v2\/pages"}],"about":[{"href":"https:\/\/broeringtech.com\/wp-tech\/wp-json\/wp\/v2\/types\/page"}],"author":[{"embeddable":true,"href":"https:\/\/broeringtech.com\/wp-tech\/wp-json\/wp\/v2\/users\/1"}],"replies":[{"embeddable":true,"href":"https:\/\/broeringtech.com\/wp-tech\/wp-json\/wp\/v2\/comments?post=142"}],"version-history":[{"count":0,"href":"https:\/\/broeringtech.com\/wp-tech\/wp-json\/wp\/v2\/pages\/142\/revisions"}],"up":[{"embeddable":true,"href":"https:\/\/broeringtech.com\/wp-tech\/wp-json\/wp\/v2\/pages\/134"}],"wp:attachment":[{"href":"https:\/\/broeringtech.com\/wp-tech\/wp-json\/wp\/v2\/media?parent=142"}],"curies":[{"name":"wp","href":"https:\/\/api.w.org\/{rel}","templated":true}]}}