{"id":155,"date":"2022-06-13T17:20:27","date_gmt":"2022-06-13T15:20:27","guid":{"rendered":"https:\/\/broeringtech.com\/wp-tech\/?page_id=155"},"modified":"2022-07-11T15:26:31","modified_gmt":"2022-07-11T13:26:31","slug":"bit-ps-3-0-gefluegelwaage","status":"publish","type":"page","link":"https:\/\/broeringtech.com\/wp-tech\/produkte\/waegetechnik\/bit-ps-3-0-gefluegelwaage\/","title":{"rendered":"BIT PS 3.0 Gefl\u00fcgelwaage"},"content":{"rendered":"\n<h2 class=\"wp-block-heading\">Tragbare, handliche Gefl\u00fcgelwaage BIT PS 3.0<\/h2>\n\n\n\n<ul class=\"has-black-color has-text-color wp-block-list\"><li>f\u00fcr Junghennen, Legehennen und Mastgefl\u00fcgel<\/li><li>Bedienung per Touch-Screen oder \u00fcber Smartphone bzw. Tablet<\/li><li>W\u00e4gebereich max. 10 kg f\u00fcr H\u00fchner<\/li><li>W\u00e4gebereich max. 40 kg f\u00fcr Puten oder Truth\u00e4hne<\/li><li>Anzeige von Einzelgewicht, Durchschnitt, Uniformit\u00e4t, Min, Max und Anzahl der Wiegung<\/li><li>Inklusive kostenloser Software (Android-App)<\/li><li>USB-Ladeadapter f\u00fcr 230 V und 12 V (KfZ-Anschluss)<\/li><li><strong><em>NEU!<\/em><\/strong> Mit Multitierfunktion<\/li><\/ul>\n\n\n\n<hr class=\"wp-block-separator has-alpha-channel-opacity is-style-wide\"\/>\n\n\n\n<h2 class=\"wp-block-heading\">Unsere gr\u00f6\u00dften Vorteile sind:<\/h2>\n\n\n\n<ul class=\"wp-block-list\"><li>Bluetooth-Anbindung an Smartphone-App und Cloud-Datenbank<\/li><li>Datenbankanbindung und Excel-Datenexport<\/li><\/ul>\n\n\n\n<hr class=\"wp-block-separator has-alpha-channel-opacity is-style-wide\"\/>\n\n\n\n<h2 class=\"wp-block-heading\">Dokumente<\/h2>\n\n\n\n<div class=\"wp-block-columns is-layout-flex wp-container-core-columns-is-layout-9d6595d7 wp-block-columns-is-layout-flex\">\n<div class=\"wp-block-column is-layout-flow wp-block-column-is-layout-flow\">\n<div class=\"wp-block-buttons is-layout-flex wp-block-buttons-is-layout-flex\">\n<div class=\"wp-block-button\"><a class=\"wp-block-button__link has-background\" style=\"background-color:#0052b6\">Anleitung Deutsch und Englisch<\/a><\/div>\n<\/div>\n<\/div>\n\n\n\n<div class=\"wp-block-column is-layout-flow wp-block-column-is-layout-flow\">\n<div class=\"wp-block-buttons is-layout-flex wp-block-buttons-is-layout-flex\">\n<div class=\"wp-block-button\"><a class=\"wp-block-button__link has-background\" style=\"background-color:#0052b6\">Anleitung Spanisch<\/a><\/div>\n<\/div>\n<\/div>\n<\/div>\n\n\n\n<hr class=\"wp-block-separator has-alpha-channel-opacity is-style-wide\"\/>\n\n\n\n<h2 class=\"has-text-color wp-block-heading\" style=\"color:#0052b6\">Unsere Apps<\/h2>\n\n\n\n<p>Mit einem Klick auf den Knopf kommen Sie auf den Playstore, in welchem Sie unsere Apps sehen und runterladen k\u00f6nnen.<\/p>\n\n\n\n<div class=\"wp-block-buttons is-layout-flex wp-block-buttons-is-layout-flex\">\n<div class=\"wp-block-button has-custom-width wp-block-button__width-50 has-custom-font-size is-style-fill has-small-font-size\"><a class=\"wp-block-button__link has-white-color has-text-color has-background\" href=\"https:\/\/play.google.com\/store\/apps\/dev?id=5562131065191234091&amp;hl=de\" style=\"border-radius:100px;background-color:#0052b6\" target=\"_blank\" rel=\"noreferrer noopener\">Zum Playstore<\/a><\/div>\n<\/div>\n","protected":false},"excerpt":{"rendered":"<p>Tragbare, handliche Gefl\u00fcgelwaage BIT PS 3.0 f\u00fcr Junghennen, Legehennen und Mastgefl\u00fcgel Bedienung per Touch-Screen oder \u00fcber Smartphone bzw. Tablet W\u00e4gebereich max. 10 kg f\u00fcr H\u00fchner W\u00e4gebereich max. 40 kg f\u00fcr Puten oder Truth\u00e4hne Anzeige von Einzelgewicht, Durchschnitt, Uniformit\u00e4t, Min, Max und Anzahl der Wiegung Inklusive kostenloser Software (Android-App) USB-Ladeadapter f\u00fcr 230 V und 12 V &hellip; <\/p>\n<p class=\"link-more\"><a href=\"https:\/\/broeringtech.com\/wp-tech\/produkte\/waegetechnik\/bit-ps-3-0-gefluegelwaage\/\" class=\"more-link\"><span class=\"screen-reader-text\">\u201eBIT PS 3.0 Gefl\u00fcgelwaage\u201c <\/span>weiterlesen<\/a><\/p>\n","protected":false},"author":1,"featured_media":0,"parent":134,"menu_order":0,"comment_status":"closed","ping_status":"closed","template":"","meta":{"inline_featured_image":false,"footnotes":""},"class_list":["post-155","page","type-page","status-publish","hentry"],"featured_image_src":null,"_links":{"self":[{"href":"https:\/\/broeringtech.com\/wp-tech\/wp-json\/wp\/v2\/pages\/155","targetHints":{"allow":["GET"]}}],"collection":[{"href":"https:\/\/broeringtech.com\/wp-tech\/wp-json\/wp\/v2\/pages"}],"about":[{"href":"https:\/\/broeringtech.com\/wp-tech\/wp-json\/wp\/v2\/types\/page"}],"author":[{"embeddable":true,"href":"https:\/\/broeringtech.com\/wp-tech\/wp-json\/wp\/v2\/users\/1"}],"replies":[{"embeddable":true,"href":"https:\/\/broeringtech.com\/wp-tech\/wp-json\/wp\/v2\/comments?post=155"}],"version-history":[{"count":0,"href":"https:\/\/broeringtech.com\/wp-tech\/wp-json\/wp\/v2\/pages\/155\/revisions"}],"up":[{"embeddable":true,"href":"https:\/\/broeringtech.com\/wp-tech\/wp-json\/wp\/v2\/pages\/134"}],"wp:attachment":[{"href":"https:\/\/broeringtech.com\/wp-tech\/wp-json\/wp\/v2\/media?parent=155"}],"curies":[{"name":"wp","href":"https:\/\/api.w.org\/{rel}","templated":true}]}}