{"id":161,"date":"2022-06-13T17:26:34","date_gmt":"2022-06-13T15:26:34","guid":{"rendered":"https:\/\/broeringtech.com\/wp-tech\/?page_id=161"},"modified":"2022-06-13T17:27:32","modified_gmt":"2022-06-13T15:27:32","slug":"datenschutzerklaerung","status":"publish","type":"page","link":"https:\/\/broeringtech.com\/wp-tech\/impressum\/datenschutzerklaerung\/","title":{"rendered":"Datenschutzerkl\u00e4rung"},"content":{"rendered":"\n<h1 class=\"wp-block-heading\">Br\u00f6ring Technology GmbH Datenschutzerkl\u00e4rung<\/h1>\n\n\n\n<p>Der Schutz und die Sicherheit von pers\u00f6nlichen Daten haben bei uns eine hohe Priorit\u00e4t. Daher halten wir uns strikt an die Regeln des deutschen Bundesdatenschutzgesetzes (BDSG). Nachfolgend werden Sie dar\u00fcber informiert, welche Art von Daten erfasst und zu welchem Zweck sie erhoben werden:<\/p>\n\n\n\n<ol class=\"wp-block-list\"><li><strong>Nutzung pers\u00f6nlicher Daten <\/strong><br>Pers\u00f6nliche Daten werden nur erhoben oder verarbeitet, wenn Sie diese Angaben freiwillig, z. B. im Rahmen einer Anfrage mitteilen. Sofern keine erforderlichen Gr\u00fcnde im Zusammenhang mit einer Gesch\u00e4ftsabwicklung bestehen, k\u00f6nnen Sie jederzeit die zuvor erteilte Genehmigung Ihrer pers\u00f6nlichen Datenspeicherung mit sofortiger Wirkung schriftlich (z. B. per E-Mail oder per Fax) widerrufen. Ihre Daten werden nicht an Dritte weitergegeben, es sei denn, eine Weitergabe ist aufgrund gesetzlicher Vorschriften erforderlich.<\/li><li><strong>Sicherheit Ihrer Daten <\/strong><br>Ihre uns zur Verf\u00fcgung gestellten pers\u00f6nlichen Daten werden durch Ergreifung aller technischen sowie organisatorischen Sicherheitsma\u00dfnahmen so gesichert, dass sie f\u00fcr den Zugriff unberechtigter Dritter unzug\u00e4nglich sind. Bei Versendung von sehr sensiblen Daten oder Informationen ist es empfehlenswert, den Postweg zu nutzen, da eine vollst\u00e4ndige Datensicherheit per E-Mail nicht gew\u00e4hrleistet werden kann.<\/li><li><strong>Daten auf Ihrem Ger\u00e4t <\/strong><br>Unsere Apps versenden keine Daten an uns oder an Dritte, ohne das Sie dies selbst tun (z. B. durch die Versenden Funktion). Somit bleiben Ihre Daten auf ihrem Ger\u00e4t und Sie sind selbst daf\u00fcr verantwortlich die Daten z. B. durch ein Backup zu sichern oder gegen Unbefugte zu sch\u00fctzen.<\/li><li><strong>Erhebung von Nutzerstatistiken <\/strong><br>Wir erheben anonyme Statistiken unserer Apps, wie z. B. die Anzahl der App Installationen oder Ger\u00e4te Hersteller\/Modelle auf denen unsere Apps installiert sind. Diese k\u00f6nnen nicht mit Ihnen in Verbindung gebracht werden und werden uns durch Google bereitgestellt.<\/li><\/ol>\n\n\n\n<hr class=\"wp-block-separator has-alpha-channel-opacity is-style-wide\"\/>\n\n\n\n<p>Bei Fragen zu diesen Datenschutzbestimmungen wenden Sie sich bitte per Email oder Telefon an uns.<\/p>\n","protected":false},"excerpt":{"rendered":"<p>Br\u00f6ring Technology GmbH Datenschutzerkl\u00e4rung Der Schutz und die Sicherheit von pers\u00f6nlichen Daten haben bei uns eine hohe Priorit\u00e4t. Daher halten wir uns strikt an die Regeln des deutschen Bundesdatenschutzgesetzes (BDSG). Nachfolgend werden Sie dar\u00fcber informiert, welche Art von Daten erfasst und zu welchem Zweck sie erhoben werden: Nutzung pers\u00f6nlicher Daten Pers\u00f6nliche Daten werden nur erhoben &hellip; <\/p>\n<p class=\"link-more\"><a href=\"https:\/\/broeringtech.com\/wp-tech\/impressum\/datenschutzerklaerung\/\" class=\"more-link\"><span class=\"screen-reader-text\">\u201eDatenschutzerkl\u00e4rung\u201c <\/span>weiterlesen<\/a><\/p>\n","protected":false},"author":1,"featured_media":0,"parent":159,"menu_order":0,"comment_status":"closed","ping_status":"closed","template":"","meta":{"inline_featured_image":false,"footnotes":""},"class_list":["post-161","page","type-page","status-publish","hentry"],"featured_image_src":null,"_links":{"self":[{"href":"https:\/\/broeringtech.com\/wp-tech\/wp-json\/wp\/v2\/pages\/161","targetHints":{"allow":["GET"]}}],"collection":[{"href":"https:\/\/broeringtech.com\/wp-tech\/wp-json\/wp\/v2\/pages"}],"about":[{"href":"https:\/\/broeringtech.com\/wp-tech\/wp-json\/wp\/v2\/types\/page"}],"author":[{"embeddable":true,"href":"https:\/\/broeringtech.com\/wp-tech\/wp-json\/wp\/v2\/users\/1"}],"replies":[{"embeddable":true,"href":"https:\/\/broeringtech.com\/wp-tech\/wp-json\/wp\/v2\/comments?post=161"}],"version-history":[{"count":0,"href":"https:\/\/broeringtech.com\/wp-tech\/wp-json\/wp\/v2\/pages\/161\/revisions"}],"up":[{"embeddable":true,"href":"https:\/\/broeringtech.com\/wp-tech\/wp-json\/wp\/v2\/pages\/159"}],"wp:attachment":[{"href":"https:\/\/broeringtech.com\/wp-tech\/wp-json\/wp\/v2\/media?parent=161"}],"curies":[{"name":"wp","href":"https:\/\/api.w.org\/{rel}","templated":true}]}}