{"id":1613,"date":"2026-04-02T19:58:42","date_gmt":"2026-04-02T17:58:42","guid":{"rendered":"https:\/\/broeringtech.com\/wp-tech\/?page_id=1613"},"modified":"2026-04-02T19:58:43","modified_gmt":"2026-04-02T17:58:43","slug":"turkey","status":"publish","type":"page","link":"https:\/\/broeringtech.com\/wp-tech\/en\/distributors\/turkey\/","title":{"rendered":"Turkey"},"content":{"rendered":"\n<div class=\"wp-block-columns is-layout-flex wp-container-core-columns-is-layout-9d6595d7 wp-block-columns-is-layout-flex\">\n<div class=\"wp-block-column is-layout-flow wp-block-column-is-layout-flow\"><div class=\"wp-block-image\">\n<figure class=\"aligncenter size-full\"><img loading=\"lazy\" decoding=\"async\" width=\"360\" height=\"120\" src=\"https:\/\/broeringtech.com\/wp-tech\/wp-content\/uploads\/2026\/04\/logo_turkey-1.png\" alt=\"\" class=\"wp-image-1614\" srcset=\"https:\/\/broeringtech.com\/wp-tech\/wp-content\/uploads\/2026\/04\/logo_turkey-1.png 360w, https:\/\/broeringtech.com\/wp-tech\/wp-content\/uploads\/2026\/04\/logo_turkey-1-300x100.png 300w\" sizes=\"auto, (max-width: 360px) 100vw, 360px\" \/><\/figure>\n<\/div><\/div>\n<\/div>\n\n\n\n<hr class=\"wp-block-separator has-alpha-channel-opacity is-style-wide\"\/>\n\n\n\n<figure class=\"wp-block-table is-style-stripes\"><table><tbody><tr><td>Company<\/td><td>Ophelia Ic ve Dis Tic. Ltd Sti<\/td><td><\/td><\/tr><tr><td>Contact person<\/td><td>Itir Adiguzel<\/td><td><\/td><\/tr><tr><td>Address<\/td><td>Adalet Mahallesi Manas Bulvar\u0131 Folkart Towers<br>B Blok No:39\/3201 Bayrakl\u0131 | \u0130ZM\u0130R | TURKIYE<\/td><td><\/td><\/tr><tr><td>Phone<\/td><td>+90 541 240 1651<\/td><td><\/td><\/tr><tr><td>Mail<\/td><td><a href=\"mailto:itir@ophelia.com.tr\">itir@ophelia.com.tr<\/a><\/td><td><\/td><\/tr><tr><td>Website<\/td><td><a href=\"https:\/\/ophelia.com.tr\/\">https:\/\/ophelia.com.tr\/<\/a><\/td><td><\/td><\/tr><\/tbody><\/table><\/figure>\n","protected":false},"excerpt":{"rendered":"<p>Company Ophelia Ic ve Dis Tic. Ltd Sti Contact person Itir Adiguzel Address Adalet Mahallesi Manas Bulvar\u0131 Folkart TowersB Blok No:39\/3201 Bayrakl\u0131 | \u0130ZM\u0130R | TURKIYE Phone +90 541 240 1651 Mail itir@ophelia.com.tr Website https:\/\/ophelia.com.tr\/<\/p>\n","protected":false},"author":2,"featured_media":0,"parent":371,"menu_order":0,"comment_status":"closed","ping_status":"closed","template":"","meta":{"inline_featured_image":false,"footnotes":""},"class_list":["post-1613","page","type-page","status-publish","hentry"],"featured_image_src":null,"_links":{"self":[{"href":"https:\/\/broeringtech.com\/wp-tech\/wp-json\/wp\/v2\/pages\/1613","targetHints":{"allow":["GET"]}}],"collection":[{"href":"https:\/\/broeringtech.com\/wp-tech\/wp-json\/wp\/v2\/pages"}],"about":[{"href":"https:\/\/broeringtech.com\/wp-tech\/wp-json\/wp\/v2\/types\/page"}],"author":[{"embeddable":true,"href":"https:\/\/broeringtech.com\/wp-tech\/wp-json\/wp\/v2\/users\/2"}],"replies":[{"embeddable":true,"href":"https:\/\/broeringtech.com\/wp-tech\/wp-json\/wp\/v2\/comments?post=1613"}],"version-history":[{"count":1,"href":"https:\/\/broeringtech.com\/wp-tech\/wp-json\/wp\/v2\/pages\/1613\/revisions"}],"predecessor-version":[{"id":1615,"href":"https:\/\/broeringtech.com\/wp-tech\/wp-json\/wp\/v2\/pages\/1613\/revisions\/1615"}],"up":[{"embeddable":true,"href":"https:\/\/broeringtech.com\/wp-tech\/wp-json\/wp\/v2\/pages\/371"}],"wp:attachment":[{"href":"https:\/\/broeringtech.com\/wp-tech\/wp-json\/wp\/v2\/media?parent=1613"}],"curies":[{"name":"wp","href":"https:\/\/api.w.org\/{rel}","templated":true}]}}