{"id":181,"date":"2022-06-14T12:27:57","date_gmt":"2022-06-14T10:27:57","guid":{"rendered":"https:\/\/broeringtech.com\/wp-tech\/?page_id=181"},"modified":"2022-08-12T10:19:56","modified_gmt":"2022-08-12T08:19:56","slug":"ihr-weg-zu-uns","status":"publish","type":"page","link":"https:\/\/broeringtech.com\/wp-tech\/kontakt\/ihr-weg-zu-uns\/","title":{"rendered":"Ihr Weg zu uns"},"content":{"rendered":"\n<div class=\"wp-block-columns is-layout-flex wp-container-core-columns-is-layout-9d6595d7 wp-block-columns-is-layout-flex\">\n<div class=\"wp-block-column is-layout-flow wp-block-column-is-layout-flow\">\n<h2 class=\"wp-block-heading\">Br\u00f6ring Technology GmbH<\/h2>\n\n\n\n<p>Gewerbering 4<br>D-49393 Lohne<br>GPS: E 8\u00b012&#8217;31&#8220; N 52\u00b039&#8217;38&#8220;<br>Lohne liegt im Landkreis Vechta,<br>im nordwestlichen Niedersachsen.Sie erreichen uns \u00fcber die Autobahn A1<br>oder die Bundesstra\u00dfen B69 und B214.Aus Richtung Bremen oder Osnabr\u00fcck<br>empfiehlt sich der Weg \u00fcber die<br>Autobahn A1 (Abfahrt: Lohne\/Dinklage).Fahrzeit ab Autobahnabfahrt: 3 min.<\/p>\n<\/div>\n\n\n\n<div class=\"wp-block-column is-layout-flow wp-block-column-is-layout-flow\">\n<iframe loading=\"lazy\" width=\"100%\" height=\"300px\" frameborder=\"0\" allowfullscreen src=\"\/\/umap.openstreetmap.de\/de\/map\/unbenannte-karte_28841?scaleControl=false&#038;miniMap=false&#038;scrollWheelZoom=false&#038;zoomControl=true&#038;allowEdit=false&#038;moreControl=true&#038;searchControl=null&#038;tilelayersControl=null&#038;embedControl=null&#038;datalayersControl=true&#038;onLoadPanel=undefined&#038;captionBar=false\"><\/iframe>\n<\/div>\n<\/div>\n\n\n\n<hr class=\"wp-block-separator has-alpha-channel-opacity is-style-wide\"\/>\n\n\n\n<div class=\"wp-block-columns is-layout-flex wp-container-core-columns-is-layout-9d6595d7 wp-block-columns-is-layout-flex\">\n<div class=\"wp-block-column is-layout-flow wp-block-column-is-layout-flow\">\n<h2 class=\"wp-block-heading\">Von der Autobahn A1<\/h2>\n\n\n\n<p>-Abfahrt &#8222;Lohne\/Dinklage&#8220; (#65)<\/p>\n\n\n\n<p>Sie fahren in Richtung Lohne. Nach ca. 3 km erreichen Sie das Gewerbegebiet West der Stadt Lohne, das s\u00fcdlich des Autobahnzubringers liegt.<\/p>\n\n\n\n<p>Die Zufahrten sind ausgeschildert. Zu uns kommen Sie wenn Sie in die Zufahrt &#8222;Gewerbegebiet West, Zufahrt Ost&#8220; fahren. Nach ca. 200 m finden Sie uns auf der linken Seitge.<\/p>\n<\/div>\n\n\n\n<div class=\"wp-block-column is-layout-flow wp-block-column-is-layout-flow\">\n<h2 class=\"wp-block-heading\">Aus Richtung Hannover \/ Nienburg \/ Diepholz<\/h2>\n\n\n\n<p>Wenn Sie aus Richtung Hannover kommen, fahren Sie \u00fcber die B214 bis Diepholz, folgen der B214 in Richtung Lingen\/Ems bis ca. 5 km hinter Diepholz. Dort biegen Sie rechts ab Richtung Lohne. Folgen Sie dem ausgeschilderten Weg nach Lohne.<\/p>\n\n\n\n<p>Wenn Sie den Stadtkern erreicht haben, fahren Sie Richtung Autobahn bzw. Richtung Dinklage. Kurz vor dem Ortsausgang befindet sich das Gewerbegebiet West auf der linken Seite. Fahren Sie hier in die &#8222;Zufahrt Ost&#8220;. Nach ca. 200 m finden Sie uns auf der linken Seite.<\/p>\n\n\n\n<p class=\"has-text-align-center\"><strong><mark style=\"background-color:rgba(0, 0, 0, 0)\" class=\"has-inline-color has-vivid-cyan-blue-color\">Parkm\u00f6glichkeiten sind<br>reichlich vorhanden!<\/mark><\/strong><\/p>\n<\/div>\n<\/div>\n","protected":false},"excerpt":{"rendered":"<p>Br\u00f6ring Technology GmbH Gewerbering 4D-49393 LohneGPS: E 8\u00b012&#8217;31&#8220; N 52\u00b039&#8217;38&#8220;Lohne liegt im Landkreis Vechta,im nordwestlichen Niedersachsen.Sie erreichen uns \u00fcber die Autobahn A1oder die Bundesstra\u00dfen B69 und B214.Aus Richtung Bremen oder Osnabr\u00fcckempfiehlt sich der Weg \u00fcber dieAutobahn A1 (Abfahrt: Lohne\/Dinklage).Fahrzeit ab Autobahnabfahrt: 3 min. Von der Autobahn A1 -Abfahrt &#8222;Lohne\/Dinklage&#8220; (#65) Sie fahren in Richtung Lohne. &hellip; <\/p>\n<p class=\"link-more\"><a href=\"https:\/\/broeringtech.com\/wp-tech\/kontakt\/ihr-weg-zu-uns\/\" class=\"more-link\"><span class=\"screen-reader-text\">\u201eIhr Weg zu uns\u201c <\/span>weiterlesen<\/a><\/p>\n","protected":false},"author":1,"featured_media":0,"parent":178,"menu_order":0,"comment_status":"closed","ping_status":"closed","template":"","meta":{"inline_featured_image":false,"footnotes":""},"class_list":["post-181","page","type-page","status-publish","hentry"],"featured_image_src":null,"_links":{"self":[{"href":"https:\/\/broeringtech.com\/wp-tech\/wp-json\/wp\/v2\/pages\/181","targetHints":{"allow":["GET"]}}],"collection":[{"href":"https:\/\/broeringtech.com\/wp-tech\/wp-json\/wp\/v2\/pages"}],"about":[{"href":"https:\/\/broeringtech.com\/wp-tech\/wp-json\/wp\/v2\/types\/page"}],"author":[{"embeddable":true,"href":"https:\/\/broeringtech.com\/wp-tech\/wp-json\/wp\/v2\/users\/1"}],"replies":[{"embeddable":true,"href":"https:\/\/broeringtech.com\/wp-tech\/wp-json\/wp\/v2\/comments?post=181"}],"version-history":[{"count":0,"href":"https:\/\/broeringtech.com\/wp-tech\/wp-json\/wp\/v2\/pages\/181\/revisions"}],"up":[{"embeddable":true,"href":"https:\/\/broeringtech.com\/wp-tech\/wp-json\/wp\/v2\/pages\/178"}],"wp:attachment":[{"href":"https:\/\/broeringtech.com\/wp-tech\/wp-json\/wp\/v2\/media?parent=181"}],"curies":[{"name":"wp","href":"https:\/\/api.w.org\/{rel}","templated":true}]}}