{"id":183,"date":"2022-06-14T12:30:17","date_gmt":"2022-06-14T10:30:17","guid":{"rendered":"https:\/\/broeringtech.com\/wp-tech\/?page_id=183"},"modified":"2022-06-14T12:30:18","modified_gmt":"2022-06-14T10:30:18","slug":"karriere","status":"publish","type":"page","link":"https:\/\/broeringtech.com\/wp-tech\/kontakt\/karriere\/","title":{"rendered":"Karriere"},"content":{"rendered":"\n<h2 class=\"wp-block-heading\">Ausbildungspl\u00e4tze<\/h2>\n\n\n\n<figure class=\"wp-block-image size-full\"><img loading=\"lazy\" decoding=\"async\" width=\"603\" height=\"522\" src=\"https:\/\/broeringtech.com\/wp-tech\/wp-content\/uploads\/2022\/06\/Stellenanzeige.png\" alt=\"\" class=\"wp-image-184\" srcset=\"https:\/\/broeringtech.com\/wp-tech\/wp-content\/uploads\/2022\/06\/Stellenanzeige.png 603w, https:\/\/broeringtech.com\/wp-tech\/wp-content\/uploads\/2022\/06\/Stellenanzeige-300x260.png 300w\" sizes=\"auto, (max-width: 603px) 100vw, 603px\" \/><\/figure>\n\n\n\n<hr class=\"wp-block-separator has-alpha-channel-opacity is-style-wide\"\/>\n\n\n\n<h2 class=\"wp-block-heading\">Jobangebote<\/h2>\n\n\n\n<p>Wir suchen zu sofort einen Mitarbeiter f\u00fcr die Montage und Reparatur elektrischer und elektronischer Ger\u00e4te.<\/p>\n\n\n\n<p>Anforderungen:<\/p>\n\n\n\n<ul class=\"wp-block-list\"><li>Abgeschlossene Berufsausbildung als Mechatroniker oder Elektriker<\/li><\/ul>\n","protected":false},"excerpt":{"rendered":"<p>Ausbildungspl\u00e4tze Jobangebote Wir suchen zu sofort einen Mitarbeiter f\u00fcr die Montage und Reparatur elektrischer und elektronischer Ger\u00e4te. Anforderungen: Abgeschlossene Berufsausbildung als Mechatroniker oder Elektriker<\/p>\n","protected":false},"author":1,"featured_media":0,"parent":178,"menu_order":0,"comment_status":"closed","ping_status":"closed","template":"","meta":{"inline_featured_image":false,"footnotes":""},"class_list":["post-183","page","type-page","status-publish","hentry"],"featured_image_src":null,"_links":{"self":[{"href":"https:\/\/broeringtech.com\/wp-tech\/wp-json\/wp\/v2\/pages\/183","targetHints":{"allow":["GET"]}}],"collection":[{"href":"https:\/\/broeringtech.com\/wp-tech\/wp-json\/wp\/v2\/pages"}],"about":[{"href":"https:\/\/broeringtech.com\/wp-tech\/wp-json\/wp\/v2\/types\/page"}],"author":[{"embeddable":true,"href":"https:\/\/broeringtech.com\/wp-tech\/wp-json\/wp\/v2\/users\/1"}],"replies":[{"embeddable":true,"href":"https:\/\/broeringtech.com\/wp-tech\/wp-json\/wp\/v2\/comments?post=183"}],"version-history":[{"count":0,"href":"https:\/\/broeringtech.com\/wp-tech\/wp-json\/wp\/v2\/pages\/183\/revisions"}],"up":[{"embeddable":true,"href":"https:\/\/broeringtech.com\/wp-tech\/wp-json\/wp\/v2\/pages\/178"}],"wp:attachment":[{"href":"https:\/\/broeringtech.com\/wp-tech\/wp-json\/wp\/v2\/media?parent=183"}],"curies":[{"name":"wp","href":"https:\/\/api.w.org\/{rel}","templated":true}]}}