{"id":248,"date":"2022-06-14T16:59:58","date_gmt":"2022-06-14T14:59:58","guid":{"rendered":"https:\/\/broeringtech.com\/wp-tech\/?page_id=248"},"modified":"2022-06-14T16:59:59","modified_gmt":"2022-06-14T14:59:59","slug":"oesterreich","status":"publish","type":"page","link":"https:\/\/broeringtech.com\/wp-tech\/distributoren\/oesterreich\/","title":{"rendered":"\u00d6sterreich"},"content":{"rendered":"<div class=\"wp-block-image\">\n<figure class=\"aligncenter size-full\"><img loading=\"lazy\" decoding=\"async\" width=\"292\" height=\"172\" src=\"https:\/\/broeringtech.com\/wp-tech\/wp-content\/uploads\/2022\/06\/Schropper.jpg\" alt=\"\" class=\"wp-image-209\"\/><\/figure>\n<\/div>\n\n\n<hr class=\"wp-block-separator has-alpha-channel-opacity is-style-wide\"\/>\n\n\n\n<p class=\"has-text-align-center\"><strong><em>Bitte kontaktieren Sie Schropper, wenn Sie aus \u00d6sterreich kommen.<\/em><\/strong><\/p>\n\n\n\n<hr class=\"wp-block-separator has-alpha-channel-opacity is-style-wide\"\/>\n\n\n\n<figure class=\"wp-block-table is-style-stripes\"><table><tbody><tr><td class=\"has-text-align-center\" data-align=\"center\">Firma<\/td><td class=\"has-text-align-center\" data-align=\"center\">Schropper GmbH<\/td><\/tr><tr><td class=\"has-text-align-center\" data-align=\"center\">Adresse<\/td><td class=\"has-text-align-center\" data-align=\"center\">Auestra\u00dfe 35<br>2640 Gloggnitz<br>\u00d6sterreich<\/td><\/tr><tr><td class=\"has-text-align-center\" data-align=\"center\">Telefon<\/td><td class=\"has-text-align-center\" data-align=\"center\">+43 (0) 2663 8305<\/td><\/tr><tr><td class=\"has-text-align-center\" data-align=\"center\">Fax<\/td><td class=\"has-text-align-center\" data-align=\"center\">+43 (0) 2663 8305-10<\/td><\/tr><tr><td class=\"has-text-align-center\" data-align=\"center\">Website<\/td><td class=\"has-text-align-center\" data-align=\"center\"><a href=\"http:\/\/www.schropper.at\">www.schropper.at<\/a><\/td><\/tr><\/tbody><\/table><\/figure>\n","protected":false},"excerpt":{"rendered":"<p>Bitte kontaktieren Sie Schropper, wenn Sie aus \u00d6sterreich kommen. Firma Schropper GmbH Adresse Auestra\u00dfe 352640 Gloggnitz\u00d6sterreich Telefon +43 (0) 2663 8305 Fax +43 (0) 2663 8305-10 Website www.schropper.at<\/p>\n","protected":false},"author":1,"featured_media":0,"parent":190,"menu_order":0,"comment_status":"closed","ping_status":"closed","template":"","meta":{"inline_featured_image":false,"footnotes":""},"class_list":["post-248","page","type-page","status-publish","hentry"],"featured_image_src":null,"_links":{"self":[{"href":"https:\/\/broeringtech.com\/wp-tech\/wp-json\/wp\/v2\/pages\/248","targetHints":{"allow":["GET"]}}],"collection":[{"href":"https:\/\/broeringtech.com\/wp-tech\/wp-json\/wp\/v2\/pages"}],"about":[{"href":"https:\/\/broeringtech.com\/wp-tech\/wp-json\/wp\/v2\/types\/page"}],"author":[{"embeddable":true,"href":"https:\/\/broeringtech.com\/wp-tech\/wp-json\/wp\/v2\/users\/1"}],"replies":[{"embeddable":true,"href":"https:\/\/broeringtech.com\/wp-tech\/wp-json\/wp\/v2\/comments?post=248"}],"version-history":[{"count":0,"href":"https:\/\/broeringtech.com\/wp-tech\/wp-json\/wp\/v2\/pages\/248\/revisions"}],"up":[{"embeddable":true,"href":"https:\/\/broeringtech.com\/wp-tech\/wp-json\/wp\/v2\/pages\/190"}],"wp:attachment":[{"href":"https:\/\/broeringtech.com\/wp-tech\/wp-json\/wp\/v2\/media?parent=248"}],"curies":[{"name":"wp","href":"https:\/\/api.w.org\/{rel}","templated":true}]}}