{"id":393,"date":"2022-07-05T15:29:23","date_gmt":"2022-07-05T13:29:23","guid":{"rendered":"https:\/\/broeringtech.com\/wp-tech\/?page_id=393"},"modified":"2022-07-05T15:29:24","modified_gmt":"2022-07-05T13:29:24","slug":"poland","status":"publish","type":"page","link":"https:\/\/broeringtech.com\/wp-tech\/en\/distributors\/poland\/","title":{"rendered":"Poland"},"content":{"rendered":"<div class=\"wp-block-image\">\n<figure class=\"aligncenter size-full is-resized\"><img loading=\"lazy\" decoding=\"async\" src=\"https:\/\/broeringtech.com\/wp-tech\/wp-content\/uploads\/2022\/06\/SEMA-TRADE_7_1.jpg\" alt=\"\" class=\"wp-image-211\" width=\"530\" height=\"151\" srcset=\"https:\/\/broeringtech.com\/wp-tech\/wp-content\/uploads\/2022\/06\/SEMA-TRADE_7_1.jpg 707w, https:\/\/broeringtech.com\/wp-tech\/wp-content\/uploads\/2022\/06\/SEMA-TRADE_7_1-300x85.jpg 300w\" sizes=\"auto, (max-width: 530px) 100vw, 530px\" \/><\/figure>\n<\/div>\n\n\n<hr class=\"wp-block-separator has-alpha-channel-opacity is-style-wide\"\/>\n\n\n\n<p class=\"has-text-align-center\"><strong>Please contact<em> SEMA-TRADE if you are from poland.<\/em><\/strong><br><strong>Skontaktuj si\u0119 z SEMA-TRADE, je\u015bli jeste\u015b z Polski.<\/strong><\/p>\n\n\n\n<hr class=\"wp-block-separator has-alpha-channel-opacity is-style-wide\"\/>\n\n\n\n<p><a href=\"https:\/\/broeringtech.com\/wp-tech\/wp-content\/uploads\/2022\/06\/Werbebroeschuere-Broering-PL_ueberarbeitet-09.09.2020.pdf\">Click here to get informations about our products in pol<\/a>ish<br><a href=\"https:\/\/broeringtech.com\/wp-tech\/wp-content\/uploads\/2022\/06\/Werbebroeschuere-Broering-PL_ueberarbeitet-09.09.2020.pdf\" target=\"_blank\" rel=\"noreferrer noopener\">Informacje o naszych produktach<\/a><\/p>\n\n\n\n<hr class=\"wp-block-separator has-alpha-channel-opacity is-style-wide\"\/>\n\n\n\n<figure class=\"wp-block-table is-style-stripes\"><table><tbody><tr><td class=\"has-text-align-center\" data-align=\"center\">Company<\/td><td class=\"has-text-align-center\" data-align=\"center\">SEMA-TRADE Maria Sech<\/td><\/tr><tr><td class=\"has-text-align-center\" data-align=\"center\">Address<\/td><td class=\"has-text-align-center\" data-align=\"center\">Bunsenstr. 4<br>31582 Nienburg<br>Germany<\/td><\/tr><tr><td class=\"has-text-align-center\" data-align=\"center\">Phone<\/td><td class=\"has-text-align-center\" data-align=\"center\">+49 (05021) 9169565<\/td><\/tr><tr><td class=\"has-text-align-center\" data-align=\"center\">Mobil<\/td><td class=\"has-text-align-center\" data-align=\"center\">+49 (0174) 1823244<\/td><\/tr><tr><td class=\"has-text-align-center\" data-align=\"center\">Fax<\/td><td class=\"has-text-align-center\" data-align=\"center\">+49 (05021) 9170294<\/td><\/tr><tr><td class=\"has-text-align-center\" data-align=\"center\">Website<\/td><td class=\"has-text-align-center\" data-align=\"center\"><a href=\"http:\/\/www.sematrade.de\">www.sematrade.de<\/a><\/td><\/tr><\/tbody><\/table><\/figure>\n","protected":false},"excerpt":{"rendered":"<p>Please contact SEMA-TRADE if you are from poland.Skontaktuj si\u0119 z SEMA-TRADE, je\u015bli jeste\u015b z Polski. Click here to get informations about our products in polishInformacje o naszych produktach Company SEMA-TRADE Maria Sech Address Bunsenstr. 431582 NienburgGermany Phone +49 (05021) 9169565 Mobil +49 (0174) 1823244 Fax +49 (05021) 9170294 Website www.sematrade.de<\/p>\n","protected":false},"author":1,"featured_media":0,"parent":371,"menu_order":0,"comment_status":"closed","ping_status":"closed","template":"","meta":{"inline_featured_image":false,"footnotes":""},"class_list":["post-393","page","type-page","status-publish","hentry"],"featured_image_src":null,"_links":{"self":[{"href":"https:\/\/broeringtech.com\/wp-tech\/wp-json\/wp\/v2\/pages\/393","targetHints":{"allow":["GET"]}}],"collection":[{"href":"https:\/\/broeringtech.com\/wp-tech\/wp-json\/wp\/v2\/pages"}],"about":[{"href":"https:\/\/broeringtech.com\/wp-tech\/wp-json\/wp\/v2\/types\/page"}],"author":[{"embeddable":true,"href":"https:\/\/broeringtech.com\/wp-tech\/wp-json\/wp\/v2\/users\/1"}],"replies":[{"embeddable":true,"href":"https:\/\/broeringtech.com\/wp-tech\/wp-json\/wp\/v2\/comments?post=393"}],"version-history":[{"count":0,"href":"https:\/\/broeringtech.com\/wp-tech\/wp-json\/wp\/v2\/pages\/393\/revisions"}],"up":[{"embeddable":true,"href":"https:\/\/broeringtech.com\/wp-tech\/wp-json\/wp\/v2\/pages\/371"}],"wp:attachment":[{"href":"https:\/\/broeringtech.com\/wp-tech\/wp-json\/wp\/v2\/media?parent=393"}],"curies":[{"name":"wp","href":"https:\/\/api.w.org\/{rel}","templated":true}]}}