{"id":448,"date":"2022-07-05T16:21:26","date_gmt":"2022-07-05T14:21:26","guid":{"rendered":"https:\/\/broeringtech.com\/wp-tech\/?page_id=448"},"modified":"2022-09-09T10:17:39","modified_gmt":"2022-09-09T08:17:39","slug":"impressum-2","status":"publish","type":"page","link":"https:\/\/broeringtech.com\/wp-tech\/en\/impressum-2\/","title":{"rendered":"Impressum"},"content":{"rendered":"\n<p>Angaben gem\u00e4\u00df \u00a7 5 TMG:<\/p>\n\n\n\n<h3 class=\"wp-block-heading\"><strong>BR\u00d6RING Technology GmbH<br>Gewerbering 4<br>D-49393 Lohne\/Oldbg.<\/strong><\/h3>\n\n\n\n<p>Gesch\u00e4ftsf\u00fchrer: Dr.-Ing. Stefan Br\u00f6ring<\/p>\n\n\n\n<p>Telefon: +49 (0) 4442 910436<\/p>\n\n\n\n<p>Telefax: +49 (0) 4442 910437<\/p>\n\n\n\n<p>E-Mail: <a href=\"mailto:info@broeringtech.com\">info@broeringtech.co<\/a><\/p>\n\n\n\n<p>Umsatzsteuer-Identifikationsnummer<br>gem\u00e4\u00df \u00a727 a Umsatzsteuergesetz: DE 348 856 474<\/p>\n\n\n\n<p>Amtsgericht Oldenburg HRB 217703<\/p>\n","protected":false},"excerpt":{"rendered":"<p>Angaben gem\u00e4\u00df \u00a7 5 TMG: BR\u00d6RING Technology GmbHGewerbering 4D-49393 Lohne\/Oldbg. Gesch\u00e4ftsf\u00fchrer: Dr.-Ing. Stefan Br\u00f6ring Telefon: +49 (0) 4442 910436 Telefax: +49 (0) 4442 910437 E-Mail: info@broeringtech.co Umsatzsteuer-Identifikationsnummergem\u00e4\u00df \u00a727 a Umsatzsteuergesetz: DE 348 856 474 Amtsgericht Oldenburg HRB 217703<\/p>\n","protected":false},"author":1,"featured_media":0,"parent":0,"menu_order":0,"comment_status":"closed","ping_status":"closed","template":"","meta":{"inline_featured_image":false,"footnotes":""},"class_list":["post-448","page","type-page","status-publish","hentry"],"featured_image_src":null,"_links":{"self":[{"href":"https:\/\/broeringtech.com\/wp-tech\/wp-json\/wp\/v2\/pages\/448","targetHints":{"allow":["GET"]}}],"collection":[{"href":"https:\/\/broeringtech.com\/wp-tech\/wp-json\/wp\/v2\/pages"}],"about":[{"href":"https:\/\/broeringtech.com\/wp-tech\/wp-json\/wp\/v2\/types\/page"}],"author":[{"embeddable":true,"href":"https:\/\/broeringtech.com\/wp-tech\/wp-json\/wp\/v2\/users\/1"}],"replies":[{"embeddable":true,"href":"https:\/\/broeringtech.com\/wp-tech\/wp-json\/wp\/v2\/comments?post=448"}],"version-history":[{"count":0,"href":"https:\/\/broeringtech.com\/wp-tech\/wp-json\/wp\/v2\/pages\/448\/revisions"}],"wp:attachment":[{"href":"https:\/\/broeringtech.com\/wp-tech\/wp-json\/wp\/v2\/media?parent=448"}],"curies":[{"name":"wp","href":"https:\/\/api.w.org\/{rel}","templated":true}]}}