{"id":620,"date":"2022-07-25T12:34:50","date_gmt":"2022-07-25T10:34:50","guid":{"rendered":"https:\/\/broeringtech.com\/wp-tech\/?page_id=620"},"modified":"2025-04-16T11:49:31","modified_gmt":"2025-04-16T09:49:31","slug":"bit-ps-4-0-iot","status":"publish","type":"page","link":"https:\/\/broeringtech.com\/wp-tech\/bit-ps-4-0-iot\/","title":{"rendered":"BIT PS 4.0 IoT"},"content":{"rendered":"\n<div class=\"wp-block-columns is-layout-flex wp-container-core-columns-is-layout-9d6595d7 wp-block-columns-is-layout-flex\">\n<div class=\"wp-block-column is-layout-flow wp-block-column-is-layout-flow\">\n<p>Die Br\u00f6ring Technology<strong> BIT PS 4.0 IoT<\/strong> ist die neueste Gefl\u00fcgelwaage von der Br\u00f6ring Technology GmbH. <\/p>\n\n\n\n<div class=\"wp-block-columns is-layout-flex wp-container-core-columns-is-layout-9d6595d7 wp-block-columns-is-layout-flex\">\n<div class=\"wp-block-column is-layout-flow wp-block-column-is-layout-flow\">\n<p>Die BIT PS 4.0 IoT hat  <strong>integriertes WiFi <\/strong>mit dieser Sie ohne zus\u00e4tzliche Software oder App direkt mit Ihrem Smartphone auf die gespeicherten Daten zugreifen k\u00f6nnen. Daf\u00fcr hat die Waage eine <strong>integrierte Website<\/strong>, wo Sie direkt die Daten sehen k\u00f6nnen als Rohdaten, Ausgewertete Daten &amp; Histogramm. Die Waage kann sich auch mit Ihrem Netzwerk verbinden und die Daten an eine Datenbank senden.<\/p>\n<\/div>\n\n\n\n<div class=\"wp-block-column is-layout-flow wp-block-column-is-layout-flow\">\n<figure class=\"wp-block-image size-full is-resized\"><img loading=\"lazy\" decoding=\"async\" src=\"https:\/\/broeringtech.com\/wp-tech\/wp-content\/uploads\/2022\/07\/J1A0294321.jpg\" alt=\"\" class=\"wp-image-673\" width=\"271\" height=\"290\" srcset=\"https:\/\/broeringtech.com\/wp-tech\/wp-content\/uploads\/2022\/07\/J1A0294321.jpg 425w, https:\/\/broeringtech.com\/wp-tech\/wp-content\/uploads\/2022\/07\/J1A0294321-280x300.jpg 280w\" sizes=\"auto, (max-width: 271px) 100vw, 271px\" \/><\/figure>\n<\/div>\n<\/div>\n\n\n\n<hr class=\"wp-block-separator has-text-color has-alpha-channel-opacity has-background is-style-wide\" style=\"background-color:#334499;color:#334499\"\/>\n\n\n\n<h2 class=\"has-text-color wp-block-heading\" style=\"color:#334499\">Cloud Datenbank<\/h2>\n\n\n\n<p>Link zur Demo: <a href=\"http:\/\/broeringtech.com\/cloud\/bitps\/public\/?username=testuser&amp;password=12345678\">klick<\/a><br><br>Sie k\u00f6nnen die Waage mit Ihrer eigenen online-Datenbank verbinden. Wir liefern Ihnen dazu eine Beispiel-Website f\u00fcr Ihren Server. <\/p>\n\n\n\n<p>Auf Wunsch k\u00f6nnen wir Ihnen auch eine Datenbank bereitstellen.<\/p>\n\n\n\n<hr class=\"wp-block-separator has-text-color has-alpha-channel-opacity has-background is-style-wide\" style=\"background-color:#334499;color:#334499\"\/>\n\n\n\n<h2 class=\"has-text-color wp-block-heading\" style=\"color:#334499\">BIT PS 3.0 vs BIT PS 4.0 IoT<\/h2>\n\n\n\n<figure class=\"wp-block-table is-style-stripes\"><table><tbody><tr><td class=\"has-text-align-center\" data-align=\"center\"><strong>Funktion<\/strong><\/td><td class=\"has-text-align-center\" data-align=\"center\"><strong>BIT PS 3.0<\/strong><\/td><td class=\"has-text-align-center\" data-align=\"center\"><strong>BIT PS 4.0 IoT<\/strong><\/td><\/tr><tr><td class=\"has-text-align-center\" data-align=\"center\">Multitier<\/td><td class=\"has-text-align-center\" data-align=\"center\"><strong>\u2713<\/strong><\/td><td class=\"has-text-align-center\" data-align=\"center\"><strong>\u2713<\/strong><\/td><\/tr><tr><td class=\"has-text-align-center\" data-align=\"center\">Software (PC\/Android\/Web)<\/td><td class=\"has-text-align-center\" data-align=\"center\"><strong>\u2713<\/strong><\/td><td class=\"has-text-align-center\" data-align=\"center\"><strong>\u2713<\/strong><\/td><\/tr><tr><td class=\"has-text-align-center\" data-align=\"center\">Bluetooth<\/td><td class=\"has-text-align-center\" data-align=\"center\"><strong>\u2713<\/strong><\/td><td class=\"has-text-align-center\" data-align=\"center\"><strong>\u2713<\/strong><\/td><\/tr><tr><td class=\"has-text-align-center\" data-align=\"center\">Integriertes WiFi<\/td><td class=\"has-text-align-center\" data-align=\"center\"><\/td><td class=\"has-text-align-center\" data-align=\"center\"><strong>\u2713<\/strong><\/td><\/tr><tr><td class=\"has-text-align-center\" data-align=\"center\">Integrierte Website<\/td><td class=\"has-text-align-center\" data-align=\"center\"><\/td><td class=\"has-text-align-center\" data-align=\"center\"><strong>\u2713<\/strong><\/td><\/tr><tr><td class=\"has-text-align-center\" data-align=\"center\">Datenbankverbindung<\/td><td class=\"has-text-align-center\" data-align=\"center\"><\/td><td class=\"has-text-align-center\" data-align=\"center\"><strong>\u2713<\/strong><\/td><\/tr><\/tbody><\/table><\/figure>\n\n\n\n<hr class=\"wp-block-separator has-text-color has-alpha-channel-opacity has-background is-style-wide\" style=\"background-color:#334499;color:#334499\"\/>\n\n\n\n<h2 class=\"has-text-color wp-block-heading\" style=\"color:#334499\">Statistische Auswertungen<\/h2>\n\n\n\n<ul class=\"wp-block-list\"><li>Anzahl der gewogenen Tiere<\/li><li>Durchschnittliches Gewicht<\/li><li>Uniformit\u00e4t<\/li><li>Histogramm<\/li><li>Minimales und maximales Gewicht<\/li><\/ul>\n\n\n\n<hr class=\"wp-block-separator has-text-color has-alpha-channel-opacity has-background is-style-wide\" style=\"background-color:#334499;color:#334499\"\/>\n\n\n\n<h2 class=\"has-text-color wp-block-heading\" style=\"color:#334499\">Technische Daten<\/h2>\n\n\n\n<figure class=\"wp-block-table is-style-stripes\"><table><tbody><tr><td class=\"has-text-align-center\" data-align=\"center\">Ger\u00e4tebezeichnung<\/td><td class=\"has-text-align-center\" data-align=\"center\">BIT PS 4.0 IoT<\/td><\/tr><tr><td class=\"has-text-align-center\" data-align=\"center\">Schutzart<\/td><td class=\"has-text-align-center\" data-align=\"center\">IP23, Schutz gegen fallendes Spr\u00fchwasser<\/td><\/tr><tr><td class=\"has-text-align-center\" data-align=\"center\">Temperaturbereich<\/td><td class=\"has-text-align-center\" data-align=\"center\">Betrieb 5 \u00b0C bis 45 \u00b0C, Lagerung 0 bis 60 \u00b0C<\/td><\/tr><tr><td class=\"has-text-align-center\" data-align=\"center\">Luftfeuchtigkeit<\/td><td class=\"has-text-align-center\" data-align=\"center\">Max. 90%, nicht kondensierend<\/td><\/tr><tr><td class=\"has-text-align-center\" data-align=\"center\">Akku<\/td><td class=\"has-text-align-center\" data-align=\"center\">18650 Li-Ion, 1 Zelle, 3000 mAh<\/td><\/tr><tr><td class=\"has-text-align-center\" data-align=\"center\">Akkulaufzeit<\/td><td class=\"has-text-align-center\" data-align=\"center\">Bis zu 16 Stunden<\/td><\/tr><tr><td class=\"has-text-align-center\" data-align=\"center\">Akkuladezeit<\/td><td class=\"has-text-align-center\" data-align=\"center\">Ca. 3 Stunden<\/td><\/tr><tr><td class=\"has-text-align-center\" data-align=\"center\">Ladeger\u00e4t<\/td><td class=\"has-text-align-center\" data-align=\"center\">5 V DC, 1 A, externes USB Netzger\u00e4t<\/td><\/tr><tr><td class=\"has-text-align-center\" data-align=\"center\">Anschluss<\/td><td class=\"has-text-align-center\" data-align=\"center\">USB Typ B<\/td><\/tr><tr><td class=\"has-text-align-center\" data-align=\"center\">Bluetooth<\/td><td class=\"has-text-align-center\" data-align=\"center\">Class 2, bis zu 10 m<\/td><\/tr><tr><td class=\"has-text-align-center\" data-align=\"center\">WiFi<\/td><td class=\"has-text-align-center\" data-align=\"center\">802.11 b\/g\/n (2,4 GHz)<\/td><\/tr><tr><td class=\"has-text-align-center\" data-align=\"center\">Abmessungen<\/td><td class=\"has-text-align-center\" data-align=\"center\">206 x 125 x 57 mm (H, B, T)<\/td><\/tr><tr><td class=\"has-text-align-center\" data-align=\"center\">Gewicht<\/td><td class=\"has-text-align-center\" data-align=\"center\">816 g<\/td><\/tr><tr><td class=\"has-text-align-center\" data-align=\"center\">Zubeh\u00f6r<\/td><td class=\"has-text-align-center\" data-align=\"center\">Ladeger\u00e4t (Output 5V\/1A, Input 100-240V\/50-60Hz),<br>Kfz-Ladeger\u00e4t (Output 5V\/1A, Input 12V DC),<br>USB-Kabel (USB Typ B auf USB Typ A),<br>Handbuch,<br>Transportkoffer<\/td><\/tr><\/tbody><\/table><\/figure>\n\n\n\n<hr class=\"wp-block-separator has-text-color has-alpha-channel-opacity has-background is-style-wide\" style=\"background-color:#334499;color:#334499\"\/>\n\n\n\n<h2 class=\"has-text-color wp-block-heading\" style=\"color:#334499\">Sicherheitshinweise<\/h2>\n\n\n\n<p>Dieses Ger\u00e4t erf\u00fcllt die Bedingungen 2004\/108\/EG (elektromagnetische Kompatibilit\u00e4t) und 2006\/95\/EG (Niederspannung) entsprechend der Festlegung im Nachtrag 93\/68\/EWG (CE-Zeichen).<\/p>\n<\/div>\n<\/div>\n","protected":false},"excerpt":{"rendered":"<p>Die Br\u00f6ring Technology BIT PS 4.0 IoT ist die neueste Gefl\u00fcgelwaage von der Br\u00f6ring Technology GmbH. Die BIT PS 4.0 IoT hat integriertes WiFi mit dieser Sie ohne zus\u00e4tzliche Software oder App direkt mit Ihrem Smartphone auf die gespeicherten Daten zugreifen k\u00f6nnen. Daf\u00fcr hat die Waage eine integrierte Website, wo Sie direkt die Daten sehen &hellip; <\/p>\n<p class=\"link-more\"><a href=\"https:\/\/broeringtech.com\/wp-tech\/bit-ps-4-0-iot\/\" class=\"more-link\"><span class=\"screen-reader-text\">\u201eBIT PS 4.0 IoT\u201c <\/span>weiterlesen<\/a><\/p>\n","protected":false},"author":1,"featured_media":0,"parent":0,"menu_order":0,"comment_status":"closed","ping_status":"closed","template":"","meta":{"inline_featured_image":false,"footnotes":""},"class_list":["post-620","page","type-page","status-publish","hentry"],"featured_image_src":null,"_links":{"self":[{"href":"https:\/\/broeringtech.com\/wp-tech\/wp-json\/wp\/v2\/pages\/620","targetHints":{"allow":["GET"]}}],"collection":[{"href":"https:\/\/broeringtech.com\/wp-tech\/wp-json\/wp\/v2\/pages"}],"about":[{"href":"https:\/\/broeringtech.com\/wp-tech\/wp-json\/wp\/v2\/types\/page"}],"author":[{"embeddable":true,"href":"https:\/\/broeringtech.com\/wp-tech\/wp-json\/wp\/v2\/users\/1"}],"replies":[{"embeddable":true,"href":"https:\/\/broeringtech.com\/wp-tech\/wp-json\/wp\/v2\/comments?post=620"}],"version-history":[{"count":1,"href":"https:\/\/broeringtech.com\/wp-tech\/wp-json\/wp\/v2\/pages\/620\/revisions"}],"predecessor-version":[{"id":1346,"href":"https:\/\/broeringtech.com\/wp-tech\/wp-json\/wp\/v2\/pages\/620\/revisions\/1346"}],"wp:attachment":[{"href":"https:\/\/broeringtech.com\/wp-tech\/wp-json\/wp\/v2\/media?parent=620"}],"curies":[{"name":"wp","href":"https:\/\/api.w.org\/{rel}","templated":true}]}}